{"id":982,"date":"2025-12-03T14:56:56","date_gmt":"2025-12-03T13:56:56","guid":{"rendered":"https:\/\/bwv-lennep.de\/?page_id=982"},"modified":"2025-12-03T15:47:10","modified_gmt":"2025-12-03T14:47:10","slug":"gewerbeeinheiten","status":"publish","type":"page","link":"https:\/\/bwv-lennep.de\/index.php\/wohnungen\/gewerbeeinheiten\/","title":{"rendered":"Gewerbeeinheiten"},"content":{"rendered":"\n<h4 class=\"wp-block-heading\">R\u00f6ntgenstra\u00dfe 6, Metzgerei Reinberger<\/h4>\n\n\n\n<figure class=\"wp-block-image size-full\"><img loading=\"lazy\" decoding=\"async\" width=\"1024\" height=\"683\" src=\"https:\/\/bwv-lennep.de\/wp-content\/uploads\/2025\/09\/image.png\" alt=\"\" class=\"wp-image-609\" srcset=\"https:\/\/bwv-lennep.de\/wp-content\/uploads\/2025\/09\/image.png 1024w, https:\/\/bwv-lennep.de\/wp-content\/uploads\/2025\/09\/image-300x200.png 300w, https:\/\/bwv-lennep.de\/wp-content\/uploads\/2025\/09\/image-768x512.png 768w\" sizes=\"auto, (max-width: 1024px) 100vw, 1024px\" \/><\/figure>\n\n\n\n<p><\/p>\n\n\n\n<h4 class=\"wp-block-heading\">R\u00f6ntgenstra\u00dfe 6, ehm. Kiosk <\/h4>\n\n\n\n<figure class=\"wp-block-image size-full\"><img loading=\"lazy\" decoding=\"async\" width=\"1024\" height=\"683\" src=\"https:\/\/bwv-lennep.de\/wp-content\/uploads\/2025\/09\/image.png\" alt=\"\" class=\"wp-image-609\" srcset=\"https:\/\/bwv-lennep.de\/wp-content\/uploads\/2025\/09\/image.png 1024w, https:\/\/bwv-lennep.de\/wp-content\/uploads\/2025\/09\/image-300x200.png 300w, https:\/\/bwv-lennep.de\/wp-content\/uploads\/2025\/09\/image-768x512.png 768w\" sizes=\"auto, (max-width: 1024px) 100vw, 1024px\" \/><\/figure>\n","protected":false},"excerpt":{"rendered":"<p>R\u00f6ntgenstra\u00dfe 6, Metzgerei Reinberger R\u00f6ntgenstra\u00dfe 6, ehm. Kiosk<\/p>\n","protected":false},"author":3,"featured_media":0,"parent":86,"menu_order":12,"comment_status":"closed","ping_status":"closed","template":"","meta":{"footnotes":""},"class_list":["post-982","page","type-page","status-publish","hentry"],"_links":{"self":[{"href":"https:\/\/bwv-lennep.de\/index.php\/wp-json\/wp\/v2\/pages\/982","targetHints":{"allow":["GET"]}}],"collection":[{"href":"https:\/\/bwv-lennep.de\/index.php\/wp-json\/wp\/v2\/pages"}],"about":[{"href":"https:\/\/bwv-lennep.de\/index.php\/wp-json\/wp\/v2\/types\/page"}],"author":[{"embeddable":true,"href":"https:\/\/bwv-lennep.de\/index.php\/wp-json\/wp\/v2\/users\/3"}],"replies":[{"embeddable":true,"href":"https:\/\/bwv-lennep.de\/index.php\/wp-json\/wp\/v2\/comments?post=982"}],"version-history":[{"count":3,"href":"https:\/\/bwv-lennep.de\/index.php\/wp-json\/wp\/v2\/pages\/982\/revisions"}],"predecessor-version":[{"id":988,"href":"https:\/\/bwv-lennep.de\/index.php\/wp-json\/wp\/v2\/pages\/982\/revisions\/988"}],"up":[{"embeddable":true,"href":"https:\/\/bwv-lennep.de\/index.php\/wp-json\/wp\/v2\/pages\/86"}],"wp:attachment":[{"href":"https:\/\/bwv-lennep.de\/index.php\/wp-json\/wp\/v2\/media?parent=982"}],"curies":[{"name":"wp","href":"https:\/\/api.w.org\/{rel}","templated":true}]}}