{"id":685,"date":"2025-09-25T20:50:18","date_gmt":"2025-09-25T19:50:18","guid":{"rendered":"https:\/\/bwv-lennep.de\/_index.php\/?page_id=685"},"modified":"2025-09-26T09:48:46","modified_gmt":"2025-09-26T08:48:46","slug":"mehrwert-nachbarschaft","status":"publish","type":"page","link":"https:\/\/bwv-lennep.de\/index.php\/service\/mehrwert-nachbarschaft\/","title":{"rendered":"Mehrwert Nachbarschaft"},"content":{"rendered":"\n<p>Das sollte eigentlich selbstverst\u00e4ndlich sein. Sicherlich gibt es auch heute noch sehr gut funktionierende Hausgemeinschaften und Nachbarschaften. Oftmals haben jedoch neu hinzugezogene Mieter Ber\u00fchrungs\u00e4ngste. Nachbarn sucht man sich nicht aus \u2013 sie ziehen einfach neben, \u00fcber oder unter enem ein oder wohnten schon dort, als Sie in Ihre neue Wohnung eingezogen sind. Es w\u00e4re sch\u00f6n, wenn im Sinne des Genossenschaftsgedankens jeder einmal dar\u00fcber nachdenken k\u00f6nnte, was er f\u00fcr seine Nachbarn tun kann. <strong>Hier ein paar kleine Anregungen:<\/strong><\/p>\n\n\n\n<p><\/p>\n\n\n\n<h5 class=\"wp-block-heading\">Vorstellung<\/h5>\n\n\n\n<p><em>Neu eingezogen, dann einfach eine kurze Vorstellungsrunde durchs Haus und schon ist das neue Gesicht bei allen Bewohnern schon einmal bekannt.<\/em><\/p>\n\n\n\n<h5 class=\"wp-block-heading\">Respekt und H\u00f6flichkeit<\/h5>\n\n\n\n<p><em>Begr\u00fc\u00dfe Nachbarn freundlich, h\u00f6re kurz zu und bleibe sachlich auch bei Meinungsverschiedenheiten.<\/em><\/p>\n\n\n\n<h5 class=\"wp-block-heading\">Kommunikation<\/h5>\n\n\n\n<p><em>Nutze kurze, direkte Gespr\u00e4che oder einen freundlichen Zettel, wenn Anliegen oft auftreten.<\/em><\/p>\n\n\n\n<h5 class=\"wp-block-heading\">Grenzen respektieren<\/h5>\n\n\n\n<p><em>Achte auf Privatsph\u00e4re, Ruhezeiten und pers\u00f6nlichen Freiraum.<\/em><\/p>\n\n\n\n<h5 class=\"wp-block-heading\">R\u00fccksicht auf Ruhezeiten<\/h5>\n\n\n\n<p><em>Vermeide laute Renovierungen, Partys oder laute Ger\u00e4te in den Ruhezeiten. Informiere Nachbarn rechtzeitig.<\/em><\/p>\n\n\n\n<h5 class=\"wp-block-heading\">Ordnung und Sauberkeit<\/h5>\n\n\n\n<p><em>Halte gemeinsame Bereiche sauber, entsorge M\u00fcll ordnungsgem\u00e4\u00df, melde Verschmutzungen zeitnah.<\/em><\/p>\n\n\n\n<h5 class=\"wp-block-heading\">Konflikte konstruktiv l\u00f6sen<\/h5>\n\n\n\n<p><em>Bleibe ruhig, formuliere das Problem klar, suche gemeinsam nach L\u00f6sungen, ggf. neutrale Moderation durch den Bauverein.<\/em><\/p>\n\n\n\n<h5 class=\"wp-block-heading\">Hillfe anbieten<\/h5>\n\n\n\n<p><em>Unterst\u00fctze Nachbarn bei Bedarf, z. B. beim Einkauf, Transport oder bei Haustierbetreuung.<\/em><\/p>\n\n\n\n<h5 class=\"wp-block-heading\">Vielfalt respektieren<\/h5>\n\n\n\n<p><em>Akzeptiere kulturelle, religi\u00f6se und pers\u00f6nliche Unterschiede; vermeide Diskriminierung.<\/em><\/p>\n\n\n\n<h5 class=\"wp-block-heading\">Eigentum respektieren<\/h5>\n\n\n\n<p><em>Nutze gemeinschaftliche Einrichtungen sorgf\u00e4ltig, melde Sch\u00e4den oder Reparaturen.<\/em><\/p>\n\n\n\n<h5 class=\"wp-block-heading\">Kommunikation bei Problemenmit L\u00e4rm und Ger\u00fcchen<\/h5>\n\n\n\n<p><em>Dokumentiere Vorf\u00e4lle, wende dich freundlich an Betroffene, ggf. Vermittlung durch Bauverein.<\/em><\/p>\n\n\n\n<h5 class=\"wp-block-heading\">Sicherheitsgef\u00fchl st\u00e4rken<\/h5>\n\n\n\n<p><em>Sorge f\u00fcr gute Beleuchtung, sichere Schl\u00f6sser, melde verd\u00e4chtiges Verhalten.<\/em><\/p>\n\n\n\n<h5 class=\"wp-block-heading\">Umweltbewusstsein<\/h5>\n\n\n\n<p><em>F\u00f6rdere Recycling, sparsamen Energie- und Wasserverbrauch.<\/em><\/p>\n\n\n\n<h5 class=\"wp-block-heading\">Dankbarkeit zeigen<\/h5>\n\n\n\n<p><em>Kleine Gesten der Wertsch\u00e4tzung (Dankesch\u00f6n, Hilfe anbieten) st\u00e4rken das Miteinander.<\/em><\/p>\n\n\n\n<p><\/p>\n\n\n\n<p>Gehen Sie mit Ihren Nachbarn so um, wie Sie selbst behandelt werden m\u00f6chten. Wir w\u00fcrden uns sehr freuen, wenn sich dieser Nachbarschafts- und Genossen\u00adschafts\u00adgedanke bei unseren Mietern und Mitgliedern durchsetzen k\u00f6nnte.<\/p>\n\n\n\n<p><em><strong>Auf gute Nachbarschaft!<\/strong><\/em><\/p>\n\n\n\n<p><\/p>\n","protected":false},"excerpt":{"rendered":"<p>Das sollte eigentlich selbstverst\u00e4ndlich sein. Sicherlich gibt es auch heute noch sehr gut funktionierende Hausgemeinschaften und Nachbarschaften. Oftmals haben jedoch neu hinzugezogene Mieter Ber\u00fchrungs\u00e4ngste. Nachbarn sucht man sich nicht aus \u2013 sie ziehen einfach neben, \u00fcber oder unter enem ein oder wohnten schon dort, als Sie in Ihre neue Wohnung eingezogen sind. Es w\u00e4re sch\u00f6n, [&hellip;]<\/p>\n","protected":false},"author":3,"featured_media":0,"parent":365,"menu_order":4,"comment_status":"closed","ping_status":"closed","template":"","meta":{"footnotes":""},"class_list":["post-685","page","type-page","status-publish","hentry"],"_links":{"self":[{"href":"https:\/\/bwv-lennep.de\/index.php\/wp-json\/wp\/v2\/pages\/685","targetHints":{"allow":["GET"]}}],"collection":[{"href":"https:\/\/bwv-lennep.de\/index.php\/wp-json\/wp\/v2\/pages"}],"about":[{"href":"https:\/\/bwv-lennep.de\/index.php\/wp-json\/wp\/v2\/types\/page"}],"author":[{"embeddable":true,"href":"https:\/\/bwv-lennep.de\/index.php\/wp-json\/wp\/v2\/users\/3"}],"replies":[{"embeddable":true,"href":"https:\/\/bwv-lennep.de\/index.php\/wp-json\/wp\/v2\/comments?post=685"}],"version-history":[{"count":6,"href":"https:\/\/bwv-lennep.de\/index.php\/wp-json\/wp\/v2\/pages\/685\/revisions"}],"predecessor-version":[{"id":696,"href":"https:\/\/bwv-lennep.de\/index.php\/wp-json\/wp\/v2\/pages\/685\/revisions\/696"}],"up":[{"embeddable":true,"href":"https:\/\/bwv-lennep.de\/index.php\/wp-json\/wp\/v2\/pages\/365"}],"wp:attachment":[{"href":"https:\/\/bwv-lennep.de\/index.php\/wp-json\/wp\/v2\/media?parent=685"}],"curies":[{"name":"wp","href":"https:\/\/api.w.org\/{rel}","templated":true}]}}