{"id":599,"date":"2025-09-25T12:37:01","date_gmt":"2025-09-25T11:37:01","guid":{"rendered":"https:\/\/bwv-lennep.de\/_index.php\/?page_id=599"},"modified":"2025-09-29T14:49:55","modified_gmt":"2025-09-29T13:49:55","slug":"netcologne","status":"publish","type":"page","link":"https:\/\/bwv-lennep.de\/index.php\/service\/netcologne\/","title":{"rendered":"NetCologne"},"content":{"rendered":"\n<h4 class=\"wp-block-heading\">Unser Partner f\u00fcrs Kabel Fernsehn<\/h4>\n\n\n\n<div class=\"wp-block-media-text is-stacked-on-mobile\" style=\"grid-template-columns:15% auto\"><figure class=\"wp-block-media-text__media\"><img loading=\"lazy\" decoding=\"async\" width=\"1024\" height=\"972\" src=\"https:\/\/bwv-lennep.de\/wp-content\/uploads\/2025\/09\/NeCo_Logo_sRGB_BLACK-1-1024x972.png\" alt=\"\" class=\"wp-image-723 size-full\" srcset=\"https:\/\/bwv-lennep.de\/wp-content\/uploads\/2025\/09\/NeCo_Logo_sRGB_BLACK-1-1024x972.png 1024w, https:\/\/bwv-lennep.de\/wp-content\/uploads\/2025\/09\/NeCo_Logo_sRGB_BLACK-1-300x285.png 300w, https:\/\/bwv-lennep.de\/wp-content\/uploads\/2025\/09\/NeCo_Logo_sRGB_BLACK-1-768x729.png 768w, https:\/\/bwv-lennep.de\/wp-content\/uploads\/2025\/09\/NeCo_Logo_sRGB_BLACK-1.png 1160w\" sizes=\"auto, (max-width: 1024px) 100vw, 1024px\" \/><\/figure><div class=\"wp-block-media-text__content\">\n<p><a href=\"http:\/\/www.netcologne.de\" data-type=\"link\" data-id=\"http:\/\/www.netcologne.de\" target=\"_blank\" rel=\"noreferrer noopener\">NetCologne<\/a> ist ein f\u00fchrender regionaler Telekommunikationsanbieter mit Sitz in K\u00f6ln. Das Unternehmen bietet Glasfaser- und DSL-Anschl\u00fcsse, Mobilfunk, TV-Dienste sowie passende Business-L\u00f6sungen f\u00fcr Privat- und Gesch\u00e4ftskunden. NetCologne legt Wert auf eine zuverl\u00e4ssige Netzqualit\u00e4t, einen kundenorientierten Service und eine starke regionale Verbundenheit.<\/p>\n<\/div><\/div>\n\n\n\n<p><\/p>\n\n\n\n<p>Seit dem 1. Januar 2024 k\u00f6nnen Mieterinnen und Mieter den Kabelfernsehanbieter frei w\u00e4hlen.<\/p>\n\n\n\n<p>NetCologne ist Partner des Beamten-Wohnungsbauvereins eG, wenn es um schnelles Kabelfernsehen geht. Als Mieterin bzw. Mieter des BWV beziehen Sie automatisch kostenlos Fernsehen von NetCologne. Dies ist ein Service des BWV f\u00fcr seine Mieterinnen und Mieter.<\/p>\n\n\n\n<p>Selbstverst\u00e4ndlich k\u00f6nnen Sie dieses Angebot auch ablehnen und sich einen anderen Anbieter aussuchen.<\/p>\n\n\n\n<h4 class=\"wp-block-heading\">Internet &amp; TV-Zusatzpaket<\/h4>\n\n\n\n<p>Auch im Bereich Highspeed-Internet empfehlen wir unseren Partner NetCologne. NetCologne bietet eine Vielzahl verschiedener Pakete zum Thema Highspeed-Internet an.<\/p>\n\n\n\n<p>Weitere Information zu Angeboten der Firma NetCologne finden sie <a href=\"http:\/\/www.netcologne.de\" data-type=\"link\" data-id=\"http:\/\/www.netcologne.de\" target=\"_blank\" rel=\"noreferrer noopener\">hier<\/a>.<\/p>\n\n\n\n<p><strong>Achtung:<\/strong> Internet- sowie TV-Zusatzpakete m\u00fcssen kostenpflichtig dazu gebucht werden und werden nicht vom Beamten-Wohnungsbauverein \u00fcbernommen.<\/p>\n\n\n\n<p>Bei St\u00f6rungen bitte folgende Telefonnummer verwenden: <strong>0800 &#8211; 22 22 800<\/strong><\/p>\n","protected":false},"excerpt":{"rendered":"<p>Unser Partner f\u00fcrs Kabel Fernsehn NetCologne ist ein f\u00fchrender regionaler Telekommunikationsanbieter mit Sitz in K\u00f6ln. Das Unternehmen bietet Glasfaser- und DSL-Anschl\u00fcsse, Mobilfunk, TV-Dienste sowie passende Business-L\u00f6sungen f\u00fcr Privat- und Gesch\u00e4ftskunden. NetCologne legt Wert auf eine zuverl\u00e4ssige Netzqualit\u00e4t, einen kundenorientierten Service und eine starke regionale Verbundenheit. Seit dem 1. Januar 2024 k\u00f6nnen Mieterinnen und Mieter den [&hellip;]<\/p>\n","protected":false},"author":3,"featured_media":0,"parent":365,"menu_order":4,"comment_status":"closed","ping_status":"closed","template":"","meta":{"footnotes":""},"class_list":["post-599","page","type-page","status-publish","hentry"],"_links":{"self":[{"href":"https:\/\/bwv-lennep.de\/index.php\/wp-json\/wp\/v2\/pages\/599","targetHints":{"allow":["GET"]}}],"collection":[{"href":"https:\/\/bwv-lennep.de\/index.php\/wp-json\/wp\/v2\/pages"}],"about":[{"href":"https:\/\/bwv-lennep.de\/index.php\/wp-json\/wp\/v2\/types\/page"}],"author":[{"embeddable":true,"href":"https:\/\/bwv-lennep.de\/index.php\/wp-json\/wp\/v2\/users\/3"}],"replies":[{"embeddable":true,"href":"https:\/\/bwv-lennep.de\/index.php\/wp-json\/wp\/v2\/comments?post=599"}],"version-history":[{"count":3,"href":"https:\/\/bwv-lennep.de\/index.php\/wp-json\/wp\/v2\/pages\/599\/revisions"}],"predecessor-version":[{"id":726,"href":"https:\/\/bwv-lennep.de\/index.php\/wp-json\/wp\/v2\/pages\/599\/revisions\/726"}],"up":[{"embeddable":true,"href":"https:\/\/bwv-lennep.de\/index.php\/wp-json\/wp\/v2\/pages\/365"}],"wp:attachment":[{"href":"https:\/\/bwv-lennep.de\/index.php\/wp-json\/wp\/v2\/media?parent=599"}],"curies":[{"name":"wp","href":"https:\/\/api.w.org\/{rel}","templated":true}]}}