{"id":596,"date":"2025-09-25T12:26:43","date_gmt":"2025-09-25T11:26:43","guid":{"rendered":"https:\/\/bwv-lennep.de\/_index.php\/?page_id=596"},"modified":"2025-10-15T14:27:19","modified_gmt":"2025-10-15T13:27:19","slug":"wohnungsbewerbung","status":"publish","type":"page","link":"https:\/\/bwv-lennep.de\/index.php\/wohnungen\/wohnungsbewerbung\/","title":{"rendered":"Wohnungsbewerbung"},"content":{"rendered":"\n<h2 class=\"wp-block-heading\"><strong>Jetzt bewerben!<\/strong><\/h2>\n\n\n\n<p>Unsere Wohnungen befinden sich ausschlie\u00dflich in Remscheid-Lennep. Einmal rund um das R\u00f6ntgen-Gymnasium (<a href=\"https:\/\/bwv-lennep.de\/_index.php\/index.php\/wohnungen\/am-weyerhofsfeld\/\" data-type=\"page\" data-id=\"318\" target=\"_blank\" rel=\"noreferrer noopener\">Am Weyerhofsfeld<\/a>, <a href=\"https:\/\/bwv-lennep.de\/_index.php\/index.php\/teichstrasse\/\" data-type=\"page\" data-id=\"316\" target=\"_blank\" rel=\"noreferrer noopener\">Teichstra\u00dfe<\/a>, <a href=\"https:\/\/bwv-lennep.de\/_index.php\/index.php\/roentgenstrasse\/\" data-type=\"page\" data-id=\"314\" target=\"_blank\" rel=\"noreferrer noopener\">R\u00f6ntgenstra\u00dfe<\/a>, <a href=\"https:\/\/bwv-lennep.de\/_index.php\/index.php\/wohnungen\/christhauser-strasse\/\" data-type=\"page\" data-id=\"312\" target=\"_blank\" rel=\"noreferrer noopener\">Christhauser Stra\u00dfe<\/a>, <a href=\"https:\/\/bwv-lennep.de\/_index.php\/index.php\/wohnungen\/hentzenallee\/\" data-type=\"page\" data-id=\"345\" target=\"_blank\" rel=\"noreferrer noopener\">Hentzenallee<\/a>, <a href=\"https:\/\/bwv-lennep.de\/_index.php\/index.php\/wohnungen\/fritz-reuter-strasse\/\" data-type=\"page\" data-id=\"320\" target=\"_blank\" rel=\"noreferrer noopener\">Fritz-Reuter-Stra\u00dfe<\/a> und <a href=\"https:\/\/bwv-lennep.de\/_index.php\/index.php\/ringstrasse\/\" data-type=\"page\" data-id=\"322\" target=\"_blank\" rel=\"noreferrer noopener\">Ringstra\u00dfe<\/a>) und einmal in der N\u00e4he des Kreishauses (<a href=\"https:\/\/bwv-lennep.de\/_index.php\/index.php\/wohnungen\/hermannstrasse\/\" data-type=\"page\" data-id=\"324\" target=\"_blank\" rel=\"noreferrer noopener\">Hermannstra\u00dfe<\/a> und <a href=\"https:\/\/bwv-lennep.de\/_index.php\/index.php\/wohnungen\/friedrichstrasse\/\" data-type=\"page\" data-id=\"327\" target=\"_blank\" rel=\"noreferrer noopener\">Friedrichstra\u00dfe<\/a>).<\/p>\n\n\n\n<p>Bei der Vergabe unserer Wohnungen gibt es einiges zu beachten. Vor allem sollten Sie wissen, dass unsere Wohnungen nur an Genossenschaftsmitglieder vermietet werden. Wie Sie <a href=\"https:\/\/bwv-lennep.de\/_index.php\/index.php\/wir-ueber-uns\/jetzt-mitglied-werden\/\" data-type=\"page\" data-id=\"355\" target=\"_blank\" rel=\"noreferrer noopener\">Mitglied werden<\/a>, erfahren Sie ebenfalls auf unserer Homepage.<\/p>\n\n\n\n<p><\/p>\n\n\n\n<figure class=\"wp-block-table\"><table class=\"has-background has-fixed-layout\" style=\"background-color:#ebe915\"><tbody><tr><td><strong>Sie k\u00f6nnen sich \u00fcber unseren <a href=\"https:\/\/bwv-lennep.de\/wp-content\/uploads\/2025\/10\/Antrag-auf-Mitgliedschaft.pdf\" data-type=\"attachment\" data-id=\"774\" target=\"_blank\" rel=\"noreferrer noopener\">Bewerbungsbogen\/Fragebogen<\/a> bewerben. Schicken Sie diesen bitte an die E-Mail-Adresse <a href=\"mailto:info@bwv-lennep.de\" target=\"_blank\" rel=\"noreferrer noopener\">info@bwv-lennep.de<\/a>. Sie kommen dann auf eine Warteliste. Sobald wir eine passende Wohnung f\u00fcr Sie haben, melden wir uns bei Ihnen.<\/strong><\/td><\/tr><\/tbody><\/table><\/figure>\n\n\n\n<div data-wp-interactive=\"core\/file\" class=\"wp-block-file\"><object data-wp-bind--hidden=\"!state.hasPdfPreview\" hidden class=\"wp-block-file__embed\" data=\"https:\/\/bwv-lennep.de\/wp-content\/uploads\/2025\/10\/Antrag-auf-Mitgliedschaft.pdf\" type=\"application\/pdf\" style=\"width:100%;height:600px\" aria-label=\"Einbettung von Antrag auf Mitgliedschaft.\"><\/object><a id=\"wp-block-file--media-1b3acc00-4ba8-46e5-80d1-60d4eba4fadb\" href=\"https:\/\/bwv-lennep.de\/wp-content\/uploads\/2025\/10\/Antrag-auf-Mitgliedschaft.pdf\">Antrag auf Mitgliedschaft<\/a><a href=\"https:\/\/bwv-lennep.de\/wp-content\/uploads\/2025\/10\/Antrag-auf-Mitgliedschaft.pdf\" class=\"wp-block-file__button wp-element-button\" download aria-describedby=\"wp-block-file--media-1b3acc00-4ba8-46e5-80d1-60d4eba4fadb\">Herunterladen<br><\/a><\/div>\n","protected":false},"excerpt":{"rendered":"<p>Jetzt bewerben! Unsere Wohnungen befinden sich ausschlie\u00dflich in Remscheid-Lennep. Einmal rund um das R\u00f6ntgen-Gymnasium (Am Weyerhofsfeld, Teichstra\u00dfe, R\u00f6ntgenstra\u00dfe, Christhauser Stra\u00dfe, Hentzenallee, Fritz-Reuter-Stra\u00dfe und Ringstra\u00dfe) und einmal in der N\u00e4he des Kreishauses (Hermannstra\u00dfe und Friedrichstra\u00dfe). Bei der Vergabe unserer Wohnungen gibt es einiges zu beachten. Vor allem sollten Sie wissen, dass unsere Wohnungen nur an Genossenschaftsmitglieder [&hellip;]<\/p>\n","protected":false},"author":3,"featured_media":0,"parent":86,"menu_order":0,"comment_status":"closed","ping_status":"closed","template":"","meta":{"footnotes":""},"class_list":["post-596","page","type-page","status-publish","hentry"],"_links":{"self":[{"href":"https:\/\/bwv-lennep.de\/index.php\/wp-json\/wp\/v2\/pages\/596","targetHints":{"allow":["GET"]}}],"collection":[{"href":"https:\/\/bwv-lennep.de\/index.php\/wp-json\/wp\/v2\/pages"}],"about":[{"href":"https:\/\/bwv-lennep.de\/index.php\/wp-json\/wp\/v2\/types\/page"}],"author":[{"embeddable":true,"href":"https:\/\/bwv-lennep.de\/index.php\/wp-json\/wp\/v2\/users\/3"}],"replies":[{"embeddable":true,"href":"https:\/\/bwv-lennep.de\/index.php\/wp-json\/wp\/v2\/comments?post=596"}],"version-history":[{"count":9,"href":"https:\/\/bwv-lennep.de\/index.php\/wp-json\/wp\/v2\/pages\/596\/revisions"}],"predecessor-version":[{"id":927,"href":"https:\/\/bwv-lennep.de\/index.php\/wp-json\/wp\/v2\/pages\/596\/revisions\/927"}],"up":[{"embeddable":true,"href":"https:\/\/bwv-lennep.de\/index.php\/wp-json\/wp\/v2\/pages\/86"}],"wp:attachment":[{"href":"https:\/\/bwv-lennep.de\/index.php\/wp-json\/wp\/v2\/media?parent=596"}],"curies":[{"name":"wp","href":"https:\/\/api.w.org\/{rel}","templated":true}]}}