{"id":407,"date":"2025-09-22T17:26:23","date_gmt":"2025-09-22T16:26:23","guid":{"rendered":"https:\/\/bwv-lennep.de\/_index.php\/?page_id=407"},"modified":"2025-10-28T12:27:48","modified_gmt":"2025-10-28T11:27:48","slug":"lob-tadel","status":"publish","type":"page","link":"https:\/\/bwv-lennep.de\/index.php\/kontakt\/lob-tadel\/","title":{"rendered":"Lob &#038; Tadel"},"content":{"rendered":"\n<p>Nicht immer l\u00e4uft alles rund. Manchmal gibt es Dinge oder Missverst\u00e4ndnisse, die Sie nicht mit Ihren direkten Ansprechpartnern bei uns oder bei unseren Handwerkern gekl\u00e4rt werden k\u00f6nnen. Es kann auch vorkommen, dass Sie besonders zufrieden waren und davon berichten m\u00f6chten. In all diesen F\u00e4llen k\u00f6nnen Sie sich gerne mit Ihrem speziellen Anliegen an unsere Gesch\u00e4ftsf\u00fchrung oder unseren Vorstand wenden.<\/p>\n\n\n\n<p>Wir bitten Sie, in solchen F\u00e4llen mit uns in Kontakt zu treten. Schreiben Sie uns einen pers\u00f6nlichen Brief oder senden Sie uns eine E-Mail an <a href=\"mailto:info@bwv-lennep.de\">info@bwv-lennep.de<\/a>.<\/p>\n\n\n\n<p>Bitte teilen Sie uns neben Ihrem Anliegen auch mit, wer Sie sind. Idealerweise nennen Sie uns auch Ihre Mietvertragsnummer und teilen uns mit, wann und wie wir Sie telefonisch erreichen k\u00f6nnen. Oft lassen sich Sachverhalte schnell und unkompliziert in einem pers\u00f6nlichen Gespr\u00e4ch kl\u00e4ren.<\/p>\n\n\n\n<p>Zu Ihrem Sachverhalt m\u00f6chten wir Folgendes wissen:<\/p>\n\n\n\n<pre class=\"wp-block-code\"><code>- Was ist passiert?\n- Wann ist es passiert?\n- Was wurde bisher getan?\n- Was ist das aktuelle Problem?<\/code><\/pre>\n\n\n\n<p><\/p>\n\n\n\n<p>Wir k\u00f6nnen Ihnen zwar nicht das Blaue vom Himmel versprechen. Trotzdem m\u00f6chten wir mit Ihnen in Kontakt treten. Gemeinsam finden wir eine L\u00f6sung. Wir werden alles versuchen, um Ihnen zu helfen und Ihnen als Mitglied oder Mieter ein gutes Gef\u00fchl zu vermitteln. <\/p>\n\n\n\n<p>Und, seien Sie sich sicher: Auch ein Lob tut uns und unseren Partnern in der t\u00e4glichen Arbeit ab und zu einmal gut. Schlie\u00dflich basiert das Genossenschaftsprinzip darauf:<\/p>\n\n\n\n<p><strong>Was einer nicht schafft, das schaffen wir zusammen!<\/strong><\/p>\n\n\n\n<p><\/p>\n","protected":false},"excerpt":{"rendered":"<p>Nicht immer l\u00e4uft alles rund. Manchmal gibt es Dinge oder Missverst\u00e4ndnisse, die Sie nicht mit Ihren direkten Ansprechpartnern bei uns oder bei unseren Handwerkern gekl\u00e4rt werden k\u00f6nnen. Es kann auch vorkommen, dass Sie besonders zufrieden waren und davon berichten m\u00f6chten. In all diesen F\u00e4llen k\u00f6nnen Sie sich gerne mit Ihrem speziellen Anliegen an unsere Gesch\u00e4ftsf\u00fchrung [&hellip;]<\/p>\n","protected":false},"author":3,"featured_media":0,"parent":167,"menu_order":5,"comment_status":"closed","ping_status":"closed","template":"","meta":{"footnotes":""},"class_list":["post-407","page","type-page","status-publish","hentry"],"_links":{"self":[{"href":"https:\/\/bwv-lennep.de\/index.php\/wp-json\/wp\/v2\/pages\/407","targetHints":{"allow":["GET"]}}],"collection":[{"href":"https:\/\/bwv-lennep.de\/index.php\/wp-json\/wp\/v2\/pages"}],"about":[{"href":"https:\/\/bwv-lennep.de\/index.php\/wp-json\/wp\/v2\/types\/page"}],"author":[{"embeddable":true,"href":"https:\/\/bwv-lennep.de\/index.php\/wp-json\/wp\/v2\/users\/3"}],"replies":[{"embeddable":true,"href":"https:\/\/bwv-lennep.de\/index.php\/wp-json\/wp\/v2\/comments?post=407"}],"version-history":[{"count":4,"href":"https:\/\/bwv-lennep.de\/index.php\/wp-json\/wp\/v2\/pages\/407\/revisions"}],"predecessor-version":[{"id":953,"href":"https:\/\/bwv-lennep.de\/index.php\/wp-json\/wp\/v2\/pages\/407\/revisions\/953"}],"up":[{"embeddable":true,"href":"https:\/\/bwv-lennep.de\/index.php\/wp-json\/wp\/v2\/pages\/167"}],"wp:attachment":[{"href":"https:\/\/bwv-lennep.de\/index.php\/wp-json\/wp\/v2\/media?parent=407"}],"curies":[{"name":"wp","href":"https:\/\/api.w.org\/{rel}","templated":true}]}}