{"id":405,"date":"2025-09-22T17:24:54","date_gmt":"2025-09-22T16:24:54","guid":{"rendered":"https:\/\/bwv-lennep.de\/_index.php\/?page_id=405"},"modified":"2025-09-24T09:32:29","modified_gmt":"2025-09-24T08:32:29","slug":"schadensmeldung","status":"publish","type":"page","link":"https:\/\/bwv-lennep.de\/index.php\/kontakt\/schadensmeldung\/","title":{"rendered":"Schadensmeldung | Notfall"},"content":{"rendered":"\n<h2 class=\"wp-block-heading\">Was ist zu tun&#8230;<\/h2>\n\n\n\n<p>Ob die T\u00fcr nicht mehr schlie\u00dft, der Wasserhahn tropft oder ein gr\u00f6\u00dferer Schaden auftritt \u2013 solche Probleme k\u00f6nnen in jeder Wohnung und zu jeder Zeit auftreten. Wie verhalten Sie sich in einem solchen Fall richtig?<\/p>\n\n\n\n<p>W\u00e4gen Sie zun\u00e4chst ab, ob Sie den Defekt selbst beheben k\u00f6nnen.<\/p>\n\n\n\n<p>Wenn Sie das Problem nicht allein l\u00f6sen k\u00f6nnen, rufen Sie uns bitte unter der Telefonnummer                02191 \u2013 963 160 an, damit wir schnellstm\u00f6glich Abhilfe schaffen k\u00f6nnen.<\/p>\n\n\n\n<p>Sie k\u00f6nnen uns auch eine E-Mail an <a href=\"mailto:info@bwv-lennep.de\">info@bwv-lennep.de<\/a> schreiben.<\/p>\n\n\n\n<p>Je genauer Sie unseren Mitarbeitern den Defekt beschreiben, desto sicherer k\u00f6nnen wir die richtigen Schritte f\u00fcr die Reparatur einleiten. Im Allgemeinen setzt sich daraufhin unser Techniker oder ein von uns beauftragter Handwerker mit Ihnen in Verbindung, um einen Termin zur L\u00f6sung Ihres Problems zu vereinbaren.<\/p>\n\n\n\n<p><\/p>\n\n\n\n<h4 class=\"wp-block-heading\">Richtiges Verhalten im Notfall<\/h4>\n\n\n\n<p>Ein Notfall besteht dann, wenn direkte Gefahr f\u00fcr die Gesundheit von Menschen oder Sch\u00e4den an Gegenst\u00e4nden drohen. Bitte \u00fcberlegen Sie also zuerst, ob wirklich ein Notfall besteht, bevor Sie Feuerwehr, medizinische Hilfe und unsere Mitarbeiter alarmieren!<\/p>\n\n\n\n<p><strong>Wichtige Rufnummern:<\/strong><\/p>\n\n\n\n<ul class=\"wp-block-list\">\n<li>Feuerwehr \/ Rettungsdienst\/Notarzt: 112<\/li>\n<\/ul>\n\n\n\n<ul class=\"wp-block-list\">\n<li>Polizei: 110<\/li>\n<\/ul>\n\n\n\n<p>Im Falle von schwerwiegenden St\u00f6rungen am elektrischen Leitungsnetz oder den Nachtspeicher\u00f6fen k\u00f6nnen Sie unsere Handwerker unter folgenden Nummern erreichen:<\/p>\n\n\n\n<p class=\"has-text-align-center\"><strong><mark style=\"background-color:#f79007\" class=\"has-inline-color\">Firma Elektro Courtz, Herr Courtz:<\/mark><\/strong><\/p>\n\n\n\n<p class=\"has-text-align-center\"><strong><mark style=\"background-color:#f79007\" class=\"has-inline-color\">Tel. 02191\/669518 oder Mobil 0172 2106173<\/mark><\/strong><\/p>\n\n\n\n<p>Im Falle von schwerwiegenden St\u00f6rungen oder \u00dcberschwemmungsgefahr im Bereich der Sanit\u00e4r-Installation oder der \u00d6l-Zentralheizung konontaktieren Sie bitte:<\/p>\n\n\n\n<p class=\"has-text-align-center\"><strong><mark style=\"background-color:#03a9f4\" class=\"has-inline-color\">Firma Hans Detlef Wohlers, Herr Herrmann:<\/mark><\/strong><\/p>\n\n\n\n<p class=\"has-text-align-center\"><strong><mark style=\"background-color:#03a9f4\" class=\"has-inline-color\">Tel. 02191\/62385 oder Mobil 0172 2468551<\/mark><\/strong><\/p>\n\n\n\n<p>Sollten Sie einen der oben genannten Handwerker im Notfall verst\u00e4ndigen m\u00fcssen, melden Sie das bitte auch umgehend in der Gesch\u00e4ftsstelle, entweder durch eine Nachricht auf der Mailbox\/dem Anrufbeantworter oder per E-Mail an <a href=\"mailto:info@bwv-lennep.de\">info@bwv-lennep.de<\/a>.<\/p>\n\n\n\n<p><\/p>\n","protected":false},"excerpt":{"rendered":"<p>Was ist zu tun&#8230; Ob die T\u00fcr nicht mehr schlie\u00dft, der Wasserhahn tropft oder ein gr\u00f6\u00dferer Schaden auftritt \u2013 solche Probleme k\u00f6nnen in jeder Wohnung und zu jeder Zeit auftreten. Wie verhalten Sie sich in einem solchen Fall richtig? W\u00e4gen Sie zun\u00e4chst ab, ob Sie den Defekt selbst beheben k\u00f6nnen. Wenn Sie das Problem nicht [&hellip;]<\/p>\n","protected":false},"author":3,"featured_media":0,"parent":167,"menu_order":4,"comment_status":"closed","ping_status":"closed","template":"","meta":{"footnotes":""},"class_list":["post-405","page","type-page","status-publish","hentry"],"_links":{"self":[{"href":"https:\/\/bwv-lennep.de\/index.php\/wp-json\/wp\/v2\/pages\/405","targetHints":{"allow":["GET"]}}],"collection":[{"href":"https:\/\/bwv-lennep.de\/index.php\/wp-json\/wp\/v2\/pages"}],"about":[{"href":"https:\/\/bwv-lennep.de\/index.php\/wp-json\/wp\/v2\/types\/page"}],"author":[{"embeddable":true,"href":"https:\/\/bwv-lennep.de\/index.php\/wp-json\/wp\/v2\/users\/3"}],"replies":[{"embeddable":true,"href":"https:\/\/bwv-lennep.de\/index.php\/wp-json\/wp\/v2\/comments?post=405"}],"version-history":[{"count":5,"href":"https:\/\/bwv-lennep.de\/index.php\/wp-json\/wp\/v2\/pages\/405\/revisions"}],"predecessor-version":[{"id":511,"href":"https:\/\/bwv-lennep.de\/index.php\/wp-json\/wp\/v2\/pages\/405\/revisions\/511"}],"up":[{"embeddable":true,"href":"https:\/\/bwv-lennep.de\/index.php\/wp-json\/wp\/v2\/pages\/167"}],"wp:attachment":[{"href":"https:\/\/bwv-lennep.de\/index.php\/wp-json\/wp\/v2\/media?parent=405"}],"curies":[{"name":"wp","href":"https:\/\/api.w.org\/{rel}","templated":true}]}}