{"id":355,"date":"2025-09-22T17:13:20","date_gmt":"2025-09-22T16:13:20","guid":{"rendered":"https:\/\/bwv-lennep.de\/_index.php\/?page_id=355"},"modified":"2025-10-28T13:32:07","modified_gmt":"2025-10-28T12:32:07","slug":"jetzt-mitglied-werden","status":"publish","type":"page","link":"https:\/\/bwv-lennep.de\/index.php\/wir-ueber-uns\/jetzt-mitglied-werden\/","title":{"rendered":"Jetzt Mitglied werden"},"content":{"rendered":"\n<h2 class=\"wp-block-heading\">Eine Mitgliedschaft, die sich lohnt!<\/h2>\n\n\n\n<p><\/p>\n\n\n\n<p>Mitglied zu sein ist ein Gewinn! Neben der Sicherheit des Wohnrechts k\u00f6nnen Mitglieder die Vorteile unserer Genossenschaft in Anspruch nehmen.<\/p>\n\n\n\n<p>Der Erwerb einer Mitgliedschaft umfasst das Zeichnen von mindestens zwei Gesch\u00e4ftsanteilen. Ein Gesch\u00e4ftsanteil kostet 300 Euro. Daneben f\u00e4llt ein einmaliges Eintrittsgeld von 15 Euro an. Einen Aufnahmeantrag den s.g. Bewerberbogen, erhalten Sie in unserer <a href=\"https:\/\/bwv-lennep.de\/_index.php\/index.php\/kontakt\/geschaeftsstelle\/\" data-type=\"page\" data-id=\"397\" target=\"_blank\" rel=\"noreferrer noopener\">Gesch\u00e4ftsstelle<\/a> oder hier auf unserer Homepage. Auf die Genossenschaftsanteile werden j\u00e4hrlich nach Beschluss in der Mitgliederversammlung eine Dividende von zur Zeit 4 % ausgesch\u00fcttet.<\/p>\n\n\n\n<p><\/p>\n\n\n\n<p>Bei Auszug aus der genossenschaftlichen Wohnung k\u00f6nnen Sie entscheiden, ob Sie Ihre Mitgliedschaft k\u00fcndigen oder bestehen lassen m\u00f6chten. In diesem Fall profitieren Sie weiterhin von unseren Dienstleistungsangeboten und der j\u00e4hrlichen Aussch\u00fcttung einer Dividende. Die K\u00fcndigungsfrist und den Zeitpunkt der Auszahlung k\u00f6nnen Sie unserer Satzung entnehmen.<\/p>\n\n\n\n<p><\/p>\n\n\n\n<p><\/p>\n\n\n\n<h2 class=\"wp-block-heading\"><em>Fragen und Antworten zur Mitgliedschaft im BWV:<\/em><\/h2>\n\n\n\n<p><\/p>\n\n\n\n<h4 class=\"wp-block-heading\">Wie kann ich Mitglied werden?<\/h4>\n\n\n\n<p><em>Durch Zeichnung zweier Genossenschaftsanteilen in H\u00f6he von insgesamt 600,00 \u20ac k\u00f6nnen Interessenten unserer Genossenschaft beitreten und werden dadurch Mitglied. Die Mitgliedschaft ist eine Grundvoraussetzung f\u00fcr den Abschluss eines Dauernutzungsvertrags (Mietvertrag). Bei Aufnahme in die Genossenschaft ist zus\u00e4tzlich eine Bearbeitungsgeb\u00fchr in H\u00f6he von 15,00 \u20ac zu bezahlen. Der Genossenschaftsanteil muss jedoch sp\u00e4testens bei Schl\u00fcssel\u00fcbergabe in voller H\u00f6he eingezahlt sein.<\/em><\/p>\n\n\n\n<p><\/p>\n\n\n\n<h4 class=\"wp-block-heading\">Wie endet die Mitgliedschaft im Todesfall<\/h4>\n\n\n\n<p><em>Die Mitgliedschaft endet mit dem Schluss des Gesch\u00e4ftsjahres (31.12.), in dem der Todesfall eingetreten ist.<\/em><\/p>\n\n\n\n<p><\/p>\n\n\n\n<h4 class=\"wp-block-heading\">Wie kann ich die Mitgliedschaft k\u00fcndigen?<\/h4>\n\n\n\n<p><em>Das Mitglied kann den Genossenschaftsanteil, zum Gesch\u00e4ftsjahresende, mit einer Frist von zwei Jahren, schriftlich k\u00fcndigen. Die K\u00fcndigung muss sp\u00e4testens bis zum Ende des Gesch\u00e4ftsjahres (31.12.) eingehen. Die K\u00fcndigungsfrist betr\u00e4gt zwei Jahre. Die Auszahlung des Auseinandersetzungsgutachten erfolgt dann nach der n\u00e4chsten Mitgliederversammlung.<\/em><\/p>\n\n\n\n<p><\/p>\n\n\n\n<h4 class=\"wp-block-heading\">Kann ich meine Genossenschaftsanteile \u00fcbertragen?<\/h4>\n\n\n\n<p><em>Sie k\u00f6nnen als Mitglied mit Zustimmung des Vorstands jederzeit, auch im Laufe des Gesch\u00e4ftsjahres, Ihr Gesch\u00e4ftsguthaben durch schriftliche Vereinbarung auf einen anderen \u00fcbertragen und hierdurch aus der Genossenschaft ohne Auseinandersetzung ausscheiden, sofern der Erwerber bereits Mitglied ist oder Mitglied wird<\/em>.<\/p>\n\n\n\n<p><em>Wenn Sie mehrere Gesch\u00e4ftsanteile gezeichnet haben, k\u00f6nnen Sie Ihr Gesch\u00e4ftsguthaben, ohne aus der Genossenschaft auszuscheiden, teilweise \u00fcbertragen und hierdurch die Anzahl Ihrer Gesch\u00e4ftsanteile verringern, soweit Sie nicht nach der Satzung oder einer Vereinbarung mit der Genossenschaft zur Beteiligung mit mehreren Gesch\u00e4ftsanteilen verpflichtet sind.<\/em><\/p>\n\n\n\n<p><em>Ist die Empf\u00e4ngerin\/der Empf\u00e4nger Ihrer Gesch\u00e4ftsanteile noch nicht Mitglied der Genossenschaft, so muss sie\/er die Mitgliedschaft erwerben. Ist sie\/er bereits Mitglied, so ist das Gesch\u00e4ftsguthaben des ausgeschiedenen oder \u00fcbertragenden Mitglieds ihrem\/seinem Gesch\u00e4ftsguthaben zuzuschreiben.<\/em><\/p>\n\n\n\n<p><\/p>\n\n\n\n<h4 class=\"wp-block-heading\">Wird mein Genossenschaftsanteil verzinst?<\/h4>\n\n\n\n<p><em>Ma\u00dfgeblich f\u00fcr die Zahlung einer Dividende ist das am 01.01. eines jeden Jahres eingezahlte Gesch\u00e4ftsguthaben. Unterj\u00e4hrig eingezahlte Betr\u00e4ge werden erst ab Beginn des n\u00e4chsten Jahres bei der Dividendenberechnung ber\u00fccksichtigt. Die H\u00f6he der Dividende wird durch die stimmberechtigten Mitglieder in der Mitgliederversammlung beschlossen.<\/em><\/p>\n\n\n\n<p><\/p>\n\n\n\n<h4 class=\"wp-block-heading\">Wann wird die Dividende ausgezahlt?<\/h4>\n\n\n\n<p><em>Die Dividende wird nach der entsprechenden Beschlussfassung der Mitgliederversammlung f\u00fcr das vorausgegangene Gesch\u00e4ftsjahr auf das von Ihnen angegebene Konto \u00fcberwiesen.<\/em><\/p>\n\n\n\n<p><\/p>\n\n\n\n<h4 class=\"wp-block-heading\">Wie kann ich mein Stimmrecht wahrnehmen?<\/h4>\n\n\n\n<p><em>Mindestens einmal j\u00e4hrlich \u2013 meist im Juni\/Juli \u2013 findet die Mitgliederversammlung statt. In dieser Versammlung berichten Aufsichtsrat und Vorstand gemeinsam \u00fcber den Gesch\u00e4ftsverlauf und die Entwicklung unserer Genossenschaft. Au\u00dferdem werden in dieser Versammlung die in der Satzung vorgeschriebenen Beschl\u00fcsse durch die anwesenden und stimmberechtigten Mitglieder gefasst. Sollten Sie an der Versammlung nicht teilnehmen k\u00f6nnen, k\u00f6nnen Sie eine vertraute Person bevollm\u00e4chtigen, Ihr Stimmrecht auszu\u00fcben. Unabh\u00e4ngig wie viele Anteile Sie gezeichnet haben, haben Sie nur 1 Stimme.<\/em><\/p>\n\n\n\n<p><\/p>\n\n\n\n<p><\/p>\n\n\n\n<div class=\"wp-block-buttons is-layout-flex wp-block-buttons-is-layout-flex\">\n<div class=\"wp-block-button\"><a class=\"wp-block-button__link wp-element-button\" href=\"https:\/\/bwv-lennep.de\/wp-content\/uploads\/2025\/10\/Antrag-auf-Mitgliedschaft.pdf\" target=\"_blank\" rel=\"noreferrer noopener\">Wohnungsbewerbung<\/a><\/div>\n<\/div>\n\n\n\n<p><\/p>\n","protected":false},"excerpt":{"rendered":"<p>Eine Mitgliedschaft, die sich lohnt! Mitglied zu sein ist ein Gewinn! Neben der Sicherheit des Wohnrechts k\u00f6nnen Mitglieder die Vorteile unserer Genossenschaft in Anspruch nehmen. Der Erwerb einer Mitgliedschaft umfasst das Zeichnen von mindestens zwei Gesch\u00e4ftsanteilen. Ein Gesch\u00e4ftsanteil kostet 300 Euro. Daneben f\u00e4llt ein einmaliges Eintrittsgeld von 15 Euro an. Einen Aufnahmeantrag den s.g. Bewerberbogen, [&hellip;]<\/p>\n","protected":false},"author":3,"featured_media":0,"parent":84,"menu_order":3,"comment_status":"closed","ping_status":"closed","template":"","meta":{"footnotes":""},"class_list":["post-355","page","type-page","status-publish","hentry"],"_links":{"self":[{"href":"https:\/\/bwv-lennep.de\/index.php\/wp-json\/wp\/v2\/pages\/355","targetHints":{"allow":["GET"]}}],"collection":[{"href":"https:\/\/bwv-lennep.de\/index.php\/wp-json\/wp\/v2\/pages"}],"about":[{"href":"https:\/\/bwv-lennep.de\/index.php\/wp-json\/wp\/v2\/types\/page"}],"author":[{"embeddable":true,"href":"https:\/\/bwv-lennep.de\/index.php\/wp-json\/wp\/v2\/users\/3"}],"replies":[{"embeddable":true,"href":"https:\/\/bwv-lennep.de\/index.php\/wp-json\/wp\/v2\/comments?post=355"}],"version-history":[{"count":10,"href":"https:\/\/bwv-lennep.de\/index.php\/wp-json\/wp\/v2\/pages\/355\/revisions"}],"predecessor-version":[{"id":959,"href":"https:\/\/bwv-lennep.de\/index.php\/wp-json\/wp\/v2\/pages\/355\/revisions\/959"}],"up":[{"embeddable":true,"href":"https:\/\/bwv-lennep.de\/index.php\/wp-json\/wp\/v2\/pages\/84"}],"wp:attachment":[{"href":"https:\/\/bwv-lennep.de\/index.php\/wp-json\/wp\/v2\/media?parent=355"}],"curies":[{"name":"wp","href":"https:\/\/api.w.org\/{rel}","templated":true}]}}