{"id":343,"date":"2025-09-22T17:14:43","date_gmt":"2025-09-22T16:14:43","guid":{"rendered":"https:\/\/bwv-lennep.de\/_index.php\/?page_id=343"},"modified":"2025-10-08T21:20:34","modified_gmt":"2025-10-08T20:20:34","slug":"unsere-heimat-ist-lennep","status":"publish","type":"page","link":"https:\/\/bwv-lennep.de\/index.php\/wohnungen\/unsere-heimat-ist-lennep\/","title":{"rendered":"Unsere Heimat ist Lennep"},"content":{"rendered":"\n<p>Unsere Genossenschaft ist seit 1909 in Remscheid-Lennep fest verwurzelt. Lennep, der Geburtsort unseres Ehrenb\u00fcrgers Wilhelm Conrad R\u00f6ntgen, ist mit ca. 25.000 Einwohnern (Stand 2008) der zweitgr\u00f6\u00dfte Stadtbezirk Remscheids. Als Mitglied der Hanse und ehemalige preu\u00dfische Kreisstadt war Lennep lange Zeit eine der wichtigsten St\u00e4dte des Bergischen Landes. Im Jahr 1929 erfolgte die Eingemeindung nach Remscheid. Bis dahin war Lennep Sitz des gleichnamigen preu\u00dfischen Landkreises.<\/p>\n\n\n\n<figure class=\"wp-block-gallery has-nested-images columns-default is-cropped wp-block-gallery-1 is-layout-flex wp-block-gallery-is-layout-flex\">\n<figure class=\"wp-block-image size-large\"><img loading=\"lazy\" decoding=\"async\" width=\"768\" height=\"1024\" data-id=\"536\" src=\"https:\/\/bwv-lennep.de\/wp-content\/uploads\/2025\/09\/WhatsApp-Bild-2025-09-19-um-10.33.04_38ac2c22-768x1024.jpg\" alt=\"\" class=\"wp-image-536\" srcset=\"https:\/\/bwv-lennep.de\/wp-content\/uploads\/2025\/09\/WhatsApp-Bild-2025-09-19-um-10.33.04_38ac2c22-768x1024.jpg 768w, https:\/\/bwv-lennep.de\/wp-content\/uploads\/2025\/09\/WhatsApp-Bild-2025-09-19-um-10.33.04_38ac2c22-225x300.jpg 225w, https:\/\/bwv-lennep.de\/wp-content\/uploads\/2025\/09\/WhatsApp-Bild-2025-09-19-um-10.33.04_38ac2c22-1152x1536.jpg 1152w, https:\/\/bwv-lennep.de\/wp-content\/uploads\/2025\/09\/WhatsApp-Bild-2025-09-19-um-10.33.04_38ac2c22.jpg 1200w\" sizes=\"auto, (max-width: 768px) 100vw, 768px\" \/><figcaption class=\"wp-element-caption\">Altstadt von Lennep<\/figcaption><\/figure>\n\n\n\n<figure class=\"wp-block-image size-large\"><img loading=\"lazy\" decoding=\"async\" width=\"768\" height=\"1024\" data-id=\"535\" src=\"https:\/\/bwv-lennep.de\/wp-content\/uploads\/2025\/09\/WhatsApp-Bild-2025-09-19-um-10.33.04_4f6aeae4-768x1024.jpg\" alt=\"\" class=\"wp-image-535\" srcset=\"https:\/\/bwv-lennep.de\/wp-content\/uploads\/2025\/09\/WhatsApp-Bild-2025-09-19-um-10.33.04_4f6aeae4-768x1024.jpg 768w, https:\/\/bwv-lennep.de\/wp-content\/uploads\/2025\/09\/WhatsApp-Bild-2025-09-19-um-10.33.04_4f6aeae4-225x300.jpg 225w, https:\/\/bwv-lennep.de\/wp-content\/uploads\/2025\/09\/WhatsApp-Bild-2025-09-19-um-10.33.04_4f6aeae4-1152x1536.jpg 1152w, https:\/\/bwv-lennep.de\/wp-content\/uploads\/2025\/09\/WhatsApp-Bild-2025-09-19-um-10.33.04_4f6aeae4.jpg 1200w\" sizes=\"auto, (max-width: 768px) 100vw, 768px\" \/><figcaption class=\"wp-element-caption\">Altstadt von Lennep<\/figcaption><\/figure>\n\n\n\n<figure class=\"wp-block-image size-large\"><img loading=\"lazy\" decoding=\"async\" width=\"768\" height=\"1024\" data-id=\"541\" src=\"https:\/\/bwv-lennep.de\/wp-content\/uploads\/2025\/09\/WhatsApp-Bild-2025-09-19-um-10.33.04_bc6b101e-768x1024.jpg\" alt=\"\" class=\"wp-image-541\" srcset=\"https:\/\/bwv-lennep.de\/wp-content\/uploads\/2025\/09\/WhatsApp-Bild-2025-09-19-um-10.33.04_bc6b101e-768x1024.jpg 768w, https:\/\/bwv-lennep.de\/wp-content\/uploads\/2025\/09\/WhatsApp-Bild-2025-09-19-um-10.33.04_bc6b101e-225x300.jpg 225w, https:\/\/bwv-lennep.de\/wp-content\/uploads\/2025\/09\/WhatsApp-Bild-2025-09-19-um-10.33.04_bc6b101e-1152x1536.jpg 1152w, https:\/\/bwv-lennep.de\/wp-content\/uploads\/2025\/09\/WhatsApp-Bild-2025-09-19-um-10.33.04_bc6b101e.jpg 1200w\" sizes=\"auto, (max-width: 768px) 100vw, 768px\" \/><figcaption class=\"wp-element-caption\">Altstadt von Lennep<\/figcaption><\/figure>\n\n\n\n<figure class=\"wp-block-image size-large\"><img loading=\"lazy\" decoding=\"async\" width=\"768\" height=\"1024\" data-id=\"542\" src=\"https:\/\/bwv-lennep.de\/wp-content\/uploads\/2025\/09\/WhatsApp-Bild-2025-09-19-um-10.33.04_d473cbb9-768x1024.jpg\" alt=\"\" class=\"wp-image-542\" srcset=\"https:\/\/bwv-lennep.de\/wp-content\/uploads\/2025\/09\/WhatsApp-Bild-2025-09-19-um-10.33.04_d473cbb9-768x1024.jpg 768w, https:\/\/bwv-lennep.de\/wp-content\/uploads\/2025\/09\/WhatsApp-Bild-2025-09-19-um-10.33.04_d473cbb9-225x300.jpg 225w, https:\/\/bwv-lennep.de\/wp-content\/uploads\/2025\/09\/WhatsApp-Bild-2025-09-19-um-10.33.04_d473cbb9-1152x1536.jpg 1152w, https:\/\/bwv-lennep.de\/wp-content\/uploads\/2025\/09\/WhatsApp-Bild-2025-09-19-um-10.33.04_d473cbb9.jpg 1200w\" sizes=\"auto, (max-width: 768px) 100vw, 768px\" \/><figcaption class=\"wp-element-caption\">Altstadt von Lennep<\/figcaption><\/figure>\n\n\n\n<figure class=\"wp-block-image size-large\"><img loading=\"lazy\" decoding=\"async\" width=\"768\" height=\"1024\" data-id=\"543\" src=\"https:\/\/bwv-lennep.de\/wp-content\/uploads\/2025\/09\/WhatsApp-Bild-2025-09-19-um-10.33.04_da7a716a-768x1024.jpg\" alt=\"\" class=\"wp-image-543\" srcset=\"https:\/\/bwv-lennep.de\/wp-content\/uploads\/2025\/09\/WhatsApp-Bild-2025-09-19-um-10.33.04_da7a716a-768x1024.jpg 768w, https:\/\/bwv-lennep.de\/wp-content\/uploads\/2025\/09\/WhatsApp-Bild-2025-09-19-um-10.33.04_da7a716a-225x300.jpg 225w, https:\/\/bwv-lennep.de\/wp-content\/uploads\/2025\/09\/WhatsApp-Bild-2025-09-19-um-10.33.04_da7a716a-1152x1536.jpg 1152w, https:\/\/bwv-lennep.de\/wp-content\/uploads\/2025\/09\/WhatsApp-Bild-2025-09-19-um-10.33.04_da7a716a.jpg 1200w\" sizes=\"auto, (max-width: 768px) 100vw, 768px\" \/><figcaption class=\"wp-element-caption\">Altstadt von Lennep<\/figcaption><\/figure>\n\n\n\n<figure class=\"wp-block-image size-large\"><img loading=\"lazy\" decoding=\"async\" width=\"768\" height=\"1024\" data-id=\"544\" src=\"https:\/\/bwv-lennep.de\/wp-content\/uploads\/2025\/09\/WhatsApp-Bild-2025-09-19-um-10.33.04_fb5f102f-768x1024.jpg\" alt=\"\" class=\"wp-image-544\" srcset=\"https:\/\/bwv-lennep.de\/wp-content\/uploads\/2025\/09\/WhatsApp-Bild-2025-09-19-um-10.33.04_fb5f102f-768x1024.jpg 768w, https:\/\/bwv-lennep.de\/wp-content\/uploads\/2025\/09\/WhatsApp-Bild-2025-09-19-um-10.33.04_fb5f102f-225x300.jpg 225w, https:\/\/bwv-lennep.de\/wp-content\/uploads\/2025\/09\/WhatsApp-Bild-2025-09-19-um-10.33.04_fb5f102f-1152x1536.jpg 1152w, https:\/\/bwv-lennep.de\/wp-content\/uploads\/2025\/09\/WhatsApp-Bild-2025-09-19-um-10.33.04_fb5f102f.jpg 1200w\" sizes=\"auto, (max-width: 768px) 100vw, 768px\" \/><figcaption class=\"wp-element-caption\">Altstadt von Lennep<\/figcaption><\/figure>\n<\/figure>\n\n\n\n<p>&nbsp;<\/p>\n\n\n\n<p>Heute ist die wundersch\u00f6ne Lenneper Altstadt nicht nur f\u00fcr Einheimische, sondern auch f\u00fcr viele Touristen ein beliebter Anlaufpunkt. Mit ihren herrlichen Fachwerkh\u00e4usern und dem Marktplatz mit seinen Gastronomiebetrieben z\u00e4hlt sie zu den beliebtesten Orten Remscheids. Auch das nahegelegene R\u00f6ntgen-Museum und das Tuchmuseum sind sehr beliebt und sollten unbedingt einmal besucht werden.<\/p>\n\n\n\n<p>Lennep verf\u00fcgt grunds\u00e4tzlich \u00fcber eine moderne Infrastruktur mit Schulen, Vereinen, kulturellen Veranstaltungen und einer guten Anbindung an das Remscheider Zentrum. Durch die zentrale Anbindung an die Autobahn A1 ist man in k\u00fcrzester Zeit im Rheinland oder im Ruhrgebiet. Mit der S7, die regelm\u00e4\u00dfig zwischen Solingen und Wuppertal f\u00e4hrt, ist man au\u00dferdem sehr gut an das Netz des \u00d6PNV angeschlossen.<\/p>\n\n\n\n<p>Der Stadtteil bietet eine wunderbare Mischung aus Wohnqualit\u00e4t, Gr\u00fcnfl\u00e4chen und lebendiger Lokalgeschichte, die sich in Festivals, M\u00e4rkten und dem Engagement der B\u00fcrger widerspiegelt.<\/p>\n\n\n\n<p>Lennep lohnt sich &#8230;<\/p>\n","protected":false},"excerpt":{"rendered":"<p>Unsere Genossenschaft ist seit 1909 in Remscheid-Lennep fest verwurzelt. Lennep, der Geburtsort unseres Ehrenb\u00fcrgers Wilhelm Conrad R\u00f6ntgen, ist mit ca. 25.000 Einwohnern (Stand 2008) der zweitgr\u00f6\u00dfte Stadtbezirk Remscheids. Als Mitglied der Hanse und ehemalige preu\u00dfische Kreisstadt war Lennep lange Zeit eine der wichtigsten St\u00e4dte des Bergischen Landes. Im Jahr 1929 erfolgte die Eingemeindung nach Remscheid. [&hellip;]<\/p>\n","protected":false},"author":3,"featured_media":0,"parent":86,"menu_order":1,"comment_status":"closed","ping_status":"closed","template":"","meta":{"footnotes":""},"class_list":["post-343","page","type-page","status-publish","hentry"],"_links":{"self":[{"href":"https:\/\/bwv-lennep.de\/index.php\/wp-json\/wp\/v2\/pages\/343","targetHints":{"allow":["GET"]}}],"collection":[{"href":"https:\/\/bwv-lennep.de\/index.php\/wp-json\/wp\/v2\/pages"}],"about":[{"href":"https:\/\/bwv-lennep.de\/index.php\/wp-json\/wp\/v2\/types\/page"}],"author":[{"embeddable":true,"href":"https:\/\/bwv-lennep.de\/index.php\/wp-json\/wp\/v2\/users\/3"}],"replies":[{"embeddable":true,"href":"https:\/\/bwv-lennep.de\/index.php\/wp-json\/wp\/v2\/comments?post=343"}],"version-history":[{"count":5,"href":"https:\/\/bwv-lennep.de\/index.php\/wp-json\/wp\/v2\/pages\/343\/revisions"}],"predecessor-version":[{"id":799,"href":"https:\/\/bwv-lennep.de\/index.php\/wp-json\/wp\/v2\/pages\/343\/revisions\/799"}],"up":[{"embeddable":true,"href":"https:\/\/bwv-lennep.de\/index.php\/wp-json\/wp\/v2\/pages\/86"}],"wp:attachment":[{"href":"https:\/\/bwv-lennep.de\/index.php\/wp-json\/wp\/v2\/media?parent=343"}],"curies":[{"name":"wp","href":"https:\/\/api.w.org\/{rel}","templated":true}]}}