{"id":327,"date":"2025-09-22T17:15:12","date_gmt":"2025-09-22T16:15:12","guid":{"rendered":"https:\/\/bwv-lennep.de\/_index.php\/?page_id=327"},"modified":"2025-10-08T20:52:03","modified_gmt":"2025-10-08T19:52:03","slug":"friedrichstrasse","status":"publish","type":"page","link":"https:\/\/bwv-lennep.de\/index.php\/wohnungen\/friedrichstrasse\/","title":{"rendered":"Friedrichstra\u00dfe"},"content":{"rendered":"\n<p><\/p>\n\n\n\n<h4 class=\"wp-block-heading\">Friedrichstra\u00dfe 20<\/h4>\n\n\n\n<h6 class=\"wp-block-heading\">Erbaut 1910, 3 Wohneinheiten<\/h6>\n\n\n\n<figure class=\"wp-block-image size-large is-style-default\"><img loading=\"lazy\" decoding=\"async\" width=\"1024\" height=\"683\" src=\"https:\/\/bwv-lennep.de\/wp-content\/uploads\/2024\/04\/colibri-image-28-1024x683.png\" alt=\"\" class=\"wp-image-56\" srcset=\"https:\/\/bwv-lennep.de\/wp-content\/uploads\/2024\/04\/colibri-image-28-1024x683.png 1024w, https:\/\/bwv-lennep.de\/wp-content\/uploads\/2024\/04\/colibri-image-28-300x200.png 300w, https:\/\/bwv-lennep.de\/wp-content\/uploads\/2024\/04\/colibri-image-28-768x512.png 768w, https:\/\/bwv-lennep.de\/wp-content\/uploads\/2024\/04\/colibri-image-28-1536x1024.png 1536w, https:\/\/bwv-lennep.de\/wp-content\/uploads\/2024\/04\/colibri-image-28.png 1920w\" sizes=\"auto, (max-width: 1024px) 100vw, 1024px\" \/><figcaption class=\"wp-element-caption\"><em>Platzhalter Foto<\/em><\/figcaption><\/figure>\n\n\n\n<p><\/p>\n\n\n\n<h4 class=\"wp-block-heading\">Friedrichstra\u00dfe 22<\/h4>\n\n\n\n<h6 class=\"wp-block-heading\">Erbaut 1910, 6 Wohneinheiten<\/h6>\n\n\n\n<figure class=\"wp-block-image size-large\"><img loading=\"lazy\" decoding=\"async\" width=\"1024\" height=\"683\" src=\"https:\/\/bwv-lennep.de\/wp-content\/uploads\/2024\/04\/colibri-image-28-1024x683.png\" alt=\"\" class=\"wp-image-56\" srcset=\"https:\/\/bwv-lennep.de\/wp-content\/uploads\/2024\/04\/colibri-image-28-1024x683.png 1024w, https:\/\/bwv-lennep.de\/wp-content\/uploads\/2024\/04\/colibri-image-28-300x200.png 300w, https:\/\/bwv-lennep.de\/wp-content\/uploads\/2024\/04\/colibri-image-28-768x512.png 768w, https:\/\/bwv-lennep.de\/wp-content\/uploads\/2024\/04\/colibri-image-28-1536x1024.png 1536w, https:\/\/bwv-lennep.de\/wp-content\/uploads\/2024\/04\/colibri-image-28.png 1920w\" sizes=\"auto, (max-width: 1024px) 100vw, 1024px\" \/><figcaption class=\"wp-element-caption\"><em>Platzhalter Foto<\/em><\/figcaption><\/figure>\n\n\n\n<p><\/p>\n\n\n\n<h4 class=\"wp-block-heading\">Friedrichstra\u00dfe 24<\/h4>\n\n\n\n<h6 class=\"wp-block-heading\">Erbaut 1910, 4 Wohneinheiten<\/h6>\n\n\n\n<figure class=\"wp-block-image size-large\"><img loading=\"lazy\" decoding=\"async\" width=\"1024\" height=\"683\" src=\"https:\/\/bwv-lennep.de\/wp-content\/uploads\/2024\/04\/colibri-image-28-1024x683.png\" alt=\"\" class=\"wp-image-56\" srcset=\"https:\/\/bwv-lennep.de\/wp-content\/uploads\/2024\/04\/colibri-image-28-1024x683.png 1024w, https:\/\/bwv-lennep.de\/wp-content\/uploads\/2024\/04\/colibri-image-28-300x200.png 300w, https:\/\/bwv-lennep.de\/wp-content\/uploads\/2024\/04\/colibri-image-28-768x512.png 768w, https:\/\/bwv-lennep.de\/wp-content\/uploads\/2024\/04\/colibri-image-28-1536x1024.png 1536w, https:\/\/bwv-lennep.de\/wp-content\/uploads\/2024\/04\/colibri-image-28.png 1920w\" sizes=\"auto, (max-width: 1024px) 100vw, 1024px\" \/><figcaption class=\"wp-element-caption\"><em>Platzhalter Foto<\/em><\/figcaption><\/figure>\n","protected":false},"excerpt":{"rendered":"<p>Friedrichstra\u00dfe 20 Erbaut 1910, 3 Wohneinheiten Friedrichstra\u00dfe 22 Erbaut 1910, 6 Wohneinheiten Friedrichstra\u00dfe 24 Erbaut 1910, 4 Wohneinheiten<\/p>\n","protected":false},"author":3,"featured_media":0,"parent":86,"menu_order":2,"comment_status":"closed","ping_status":"closed","template":"","meta":{"footnotes":""},"class_list":["post-327","page","type-page","status-publish","hentry"],"_links":{"self":[{"href":"https:\/\/bwv-lennep.de\/index.php\/wp-json\/wp\/v2\/pages\/327","targetHints":{"allow":["GET"]}}],"collection":[{"href":"https:\/\/bwv-lennep.de\/index.php\/wp-json\/wp\/v2\/pages"}],"about":[{"href":"https:\/\/bwv-lennep.de\/index.php\/wp-json\/wp\/v2\/types\/page"}],"author":[{"embeddable":true,"href":"https:\/\/bwv-lennep.de\/index.php\/wp-json\/wp\/v2\/users\/3"}],"replies":[{"embeddable":true,"href":"https:\/\/bwv-lennep.de\/index.php\/wp-json\/wp\/v2\/comments?post=327"}],"version-history":[{"count":3,"href":"https:\/\/bwv-lennep.de\/index.php\/wp-json\/wp\/v2\/pages\/327\/revisions"}],"predecessor-version":[{"id":781,"href":"https:\/\/bwv-lennep.de\/index.php\/wp-json\/wp\/v2\/pages\/327\/revisions\/781"}],"up":[{"embeddable":true,"href":"https:\/\/bwv-lennep.de\/index.php\/wp-json\/wp\/v2\/pages\/86"}],"wp:attachment":[{"href":"https:\/\/bwv-lennep.de\/index.php\/wp-json\/wp\/v2\/media?parent=327"}],"curies":[{"name":"wp","href":"https:\/\/api.w.org\/{rel}","templated":true}]}}