{"id":324,"date":"2025-04-01T12:24:24","date_gmt":"2025-04-01T11:24:24","guid":{"rendered":"https:\/\/bwv-lennep.de\/_index.php\/?page_id=324"},"modified":"2025-10-08T20:54:45","modified_gmt":"2025-10-08T19:54:45","slug":"hermannstrasse","status":"publish","type":"page","link":"https:\/\/bwv-lennep.de\/index.php\/wohnungen\/hermannstrasse\/","title":{"rendered":"Hermannstra\u00dfe"},"content":{"rendered":"\n<p><\/p>\n\n\n\n<figure class=\"wp-block-gallery has-nested-images columns-default is-cropped wp-block-gallery-1 is-layout-flex wp-block-gallery-is-layout-flex\">\n<figure class=\"wp-block-image size-large is-style-rounded\"><img loading=\"lazy\" decoding=\"async\" width=\"768\" height=\"1024\" data-id=\"560\" src=\"https:\/\/bwv-lennep.de\/wp-content\/uploads\/2025\/09\/Hermstr.--768x1024.jpg\" alt=\"\" class=\"wp-image-560\" srcset=\"https:\/\/bwv-lennep.de\/wp-content\/uploads\/2025\/09\/Hermstr.--768x1024.jpg 768w, https:\/\/bwv-lennep.de\/wp-content\/uploads\/2025\/09\/Hermstr.--225x300.jpg 225w, https:\/\/bwv-lennep.de\/wp-content\/uploads\/2025\/09\/Hermstr.--1152x1536.jpg 1152w, https:\/\/bwv-lennep.de\/wp-content\/uploads\/2025\/09\/Hermstr.--1536x2048.jpg 1536w, https:\/\/bwv-lennep.de\/wp-content\/uploads\/2025\/09\/Hermstr.--scaled.jpg 1920w\" sizes=\"auto, (max-width: 768px) 100vw, 768px\" \/><figcaption class=\"wp-element-caption\">Friedrichstra\u00dfe\/Ecke Hermannstra\u00dfe<\/figcaption><\/figure>\n\n\n\n<figure class=\"wp-block-image size-large is-style-rounded\"><img loading=\"lazy\" decoding=\"async\" width=\"1024\" height=\"768\" data-id=\"558\" src=\"https:\/\/bwv-lennep.de\/wp-content\/uploads\/2025\/09\/Hermannstrasse-1024x768.png\" alt=\"\" class=\"wp-image-558\" srcset=\"https:\/\/bwv-lennep.de\/wp-content\/uploads\/2025\/09\/Hermannstrasse-1024x768.png 1024w, https:\/\/bwv-lennep.de\/wp-content\/uploads\/2025\/09\/Hermannstrasse-300x225.png 300w, https:\/\/bwv-lennep.de\/wp-content\/uploads\/2025\/09\/Hermannstrasse-768x576.png 768w, https:\/\/bwv-lennep.de\/wp-content\/uploads\/2025\/09\/Hermannstrasse-1536x1152.png 1536w, https:\/\/bwv-lennep.de\/wp-content\/uploads\/2025\/09\/Hermannstrasse-2048x1536.png 2048w\" sizes=\"auto, (max-width: 1024px) 100vw, 1024px\" \/><figcaption class=\"wp-element-caption\">Hinterhof Hermannstra\u00dfe<\/figcaption><\/figure>\n<\/figure>\n\n\n\n<p><\/p>\n\n\n\n<h4 class=\"wp-block-heading\">Hermannstra\u00dfe 19<\/h4>\n\n\n\n<h6 class=\"wp-block-heading\">Erbaut 1910, 3 Wohneinheiten<\/h6>\n\n\n\n<figure class=\"wp-block-image size-large\"><img loading=\"lazy\" decoding=\"async\" width=\"1024\" height=\"683\" src=\"https:\/\/bwv-lennep.de\/wp-content\/uploads\/2024\/04\/colibri-image-28-1024x683.png\" alt=\"\" class=\"wp-image-56\" srcset=\"https:\/\/bwv-lennep.de\/wp-content\/uploads\/2024\/04\/colibri-image-28-1024x683.png 1024w, https:\/\/bwv-lennep.de\/wp-content\/uploads\/2024\/04\/colibri-image-28-300x200.png 300w, https:\/\/bwv-lennep.de\/wp-content\/uploads\/2024\/04\/colibri-image-28-768x512.png 768w, https:\/\/bwv-lennep.de\/wp-content\/uploads\/2024\/04\/colibri-image-28-1536x1024.png 1536w, https:\/\/bwv-lennep.de\/wp-content\/uploads\/2024\/04\/colibri-image-28.png 1920w\" sizes=\"auto, (max-width: 1024px) 100vw, 1024px\" \/><figcaption class=\"wp-element-caption\"><em>Platzhalter Foto<\/em><\/figcaption><\/figure>\n\n\n\n<p><\/p>\n\n\n\n<h4 class=\"wp-block-heading\">Hermannstra\u00dfe 21<\/h4>\n\n\n\n<h6 class=\"wp-block-heading\">Erbaut 1910, 7 Wohneinheiten<\/h6>\n\n\n\n<figure class=\"wp-block-image size-large\"><img loading=\"lazy\" decoding=\"async\" width=\"1024\" height=\"683\" src=\"https:\/\/bwv-lennep.de\/wp-content\/uploads\/2024\/04\/colibri-image-28-1024x683.png\" alt=\"\" class=\"wp-image-56\" srcset=\"https:\/\/bwv-lennep.de\/wp-content\/uploads\/2024\/04\/colibri-image-28-1024x683.png 1024w, https:\/\/bwv-lennep.de\/wp-content\/uploads\/2024\/04\/colibri-image-28-300x200.png 300w, https:\/\/bwv-lennep.de\/wp-content\/uploads\/2024\/04\/colibri-image-28-768x512.png 768w, https:\/\/bwv-lennep.de\/wp-content\/uploads\/2024\/04\/colibri-image-28-1536x1024.png 1536w, https:\/\/bwv-lennep.de\/wp-content\/uploads\/2024\/04\/colibri-image-28.png 1920w\" sizes=\"auto, (max-width: 1024px) 100vw, 1024px\" \/><figcaption class=\"wp-element-caption\"><em>Platzhalter Foto<\/em><\/figcaption><\/figure>\n\n\n\n<p><\/p>\n\n\n\n<h4 class=\"wp-block-heading\">Hermannstra\u00dfe 25<\/h4>\n\n\n\n<h6 class=\"wp-block-heading\">Erbaut 1910, 4 Wohneinheiten<\/h6>\n\n\n\n<figure class=\"wp-block-image size-large\"><img loading=\"lazy\" decoding=\"async\" width=\"1024\" height=\"683\" src=\"https:\/\/bwv-lennep.de\/wp-content\/uploads\/2024\/04\/colibri-image-28-1024x683.png\" alt=\"\" class=\"wp-image-56\" srcset=\"https:\/\/bwv-lennep.de\/wp-content\/uploads\/2024\/04\/colibri-image-28-1024x683.png 1024w, https:\/\/bwv-lennep.de\/wp-content\/uploads\/2024\/04\/colibri-image-28-300x200.png 300w, https:\/\/bwv-lennep.de\/wp-content\/uploads\/2024\/04\/colibri-image-28-768x512.png 768w, https:\/\/bwv-lennep.de\/wp-content\/uploads\/2024\/04\/colibri-image-28-1536x1024.png 1536w, https:\/\/bwv-lennep.de\/wp-content\/uploads\/2024\/04\/colibri-image-28.png 1920w\" sizes=\"auto, (max-width: 1024px) 100vw, 1024px\" \/><figcaption class=\"wp-element-caption\"><em>Platzhalter Foto<\/em><\/figcaption><\/figure>\n\n\n\n<p><\/p>\n\n\n\n<h4 class=\"wp-block-heading\">Hermannstra\u00dfe 27<\/h4>\n\n\n\n<h6 class=\"wp-block-heading\">Erbaut 1910, 3 Wohneinheiten<\/h6>\n\n\n\n<figure class=\"wp-block-image size-large\"><img loading=\"lazy\" decoding=\"async\" width=\"1024\" height=\"683\" src=\"https:\/\/bwv-lennep.de\/wp-content\/uploads\/2024\/04\/colibri-image-28-1024x683.png\" alt=\"\" class=\"wp-image-56\" srcset=\"https:\/\/bwv-lennep.de\/wp-content\/uploads\/2024\/04\/colibri-image-28-1024x683.png 1024w, https:\/\/bwv-lennep.de\/wp-content\/uploads\/2024\/04\/colibri-image-28-300x200.png 300w, https:\/\/bwv-lennep.de\/wp-content\/uploads\/2024\/04\/colibri-image-28-768x512.png 768w, https:\/\/bwv-lennep.de\/wp-content\/uploads\/2024\/04\/colibri-image-28-1536x1024.png 1536w, https:\/\/bwv-lennep.de\/wp-content\/uploads\/2024\/04\/colibri-image-28.png 1920w\" sizes=\"auto, (max-width: 1024px) 100vw, 1024px\" \/><figcaption class=\"wp-element-caption\"><em>Platzhalter Foto<\/em><\/figcaption><\/figure>\n\n\n\n<p><\/p>\n\n\n\n<h4 class=\"wp-block-heading\">Hermannstra\u00dfe 29<\/h4>\n\n\n\n<h6 class=\"wp-block-heading\">Erbaut 1910, 3 Wohneinheiten<\/h6>\n\n\n\n<figure class=\"wp-block-image size-large\"><img loading=\"lazy\" decoding=\"async\" width=\"1024\" height=\"683\" src=\"https:\/\/bwv-lennep.de\/wp-content\/uploads\/2024\/04\/colibri-image-28-1024x683.png\" alt=\"\" class=\"wp-image-56\" srcset=\"https:\/\/bwv-lennep.de\/wp-content\/uploads\/2024\/04\/colibri-image-28-1024x683.png 1024w, https:\/\/bwv-lennep.de\/wp-content\/uploads\/2024\/04\/colibri-image-28-300x200.png 300w, https:\/\/bwv-lennep.de\/wp-content\/uploads\/2024\/04\/colibri-image-28-768x512.png 768w, https:\/\/bwv-lennep.de\/wp-content\/uploads\/2024\/04\/colibri-image-28-1536x1024.png 1536w, https:\/\/bwv-lennep.de\/wp-content\/uploads\/2024\/04\/colibri-image-28.png 1920w\" sizes=\"auto, (max-width: 1024px) 100vw, 1024px\" \/><figcaption class=\"wp-element-caption\"><em>Platzhalter Foto<\/em><\/figcaption><\/figure>\n\n\n\n<p><\/p>\n\n\n\n<h4 class=\"wp-block-heading\">Hermannstra\u00dfe 31<\/h4>\n\n\n\n<h6 class=\"wp-block-heading\">Erbaut 1910, 3 Wohneinheiten<\/h6>\n\n\n\n<figure class=\"wp-block-image size-large\"><img loading=\"lazy\" decoding=\"async\" width=\"1024\" height=\"683\" src=\"https:\/\/bwv-lennep.de\/wp-content\/uploads\/2024\/04\/colibri-image-28-1024x683.png\" alt=\"\" class=\"wp-image-56\" srcset=\"https:\/\/bwv-lennep.de\/wp-content\/uploads\/2024\/04\/colibri-image-28-1024x683.png 1024w, https:\/\/bwv-lennep.de\/wp-content\/uploads\/2024\/04\/colibri-image-28-300x200.png 300w, https:\/\/bwv-lennep.de\/wp-content\/uploads\/2024\/04\/colibri-image-28-768x512.png 768w, https:\/\/bwv-lennep.de\/wp-content\/uploads\/2024\/04\/colibri-image-28-1536x1024.png 1536w, https:\/\/bwv-lennep.de\/wp-content\/uploads\/2024\/04\/colibri-image-28.png 1920w\" sizes=\"auto, (max-width: 1024px) 100vw, 1024px\" \/><figcaption class=\"wp-element-caption\"><em>Platzhalter Foto<\/em><\/figcaption><\/figure>\n","protected":false},"excerpt":{"rendered":"<p>Hermannstra\u00dfe 19 Erbaut 1910, 3 Wohneinheiten Hermannstra\u00dfe 21 Erbaut 1910, 7 Wohneinheiten Hermannstra\u00dfe 25 Erbaut 1910, 4 Wohneinheiten Hermannstra\u00dfe 27 Erbaut 1910, 3 Wohneinheiten Hermannstra\u00dfe 29 Erbaut 1910, 3 Wohneinheiten Hermannstra\u00dfe 31 Erbaut 1910, 3 Wohneinheiten<\/p>\n","protected":false},"author":3,"featured_media":0,"parent":86,"menu_order":3,"comment_status":"closed","ping_status":"closed","template":"","meta":{"footnotes":""},"class_list":["post-324","page","type-page","status-publish","hentry"],"_links":{"self":[{"href":"https:\/\/bwv-lennep.de\/index.php\/wp-json\/wp\/v2\/pages\/324","targetHints":{"allow":["GET"]}}],"collection":[{"href":"https:\/\/bwv-lennep.de\/index.php\/wp-json\/wp\/v2\/pages"}],"about":[{"href":"https:\/\/bwv-lennep.de\/index.php\/wp-json\/wp\/v2\/types\/page"}],"author":[{"embeddable":true,"href":"https:\/\/bwv-lennep.de\/index.php\/wp-json\/wp\/v2\/users\/3"}],"replies":[{"embeddable":true,"href":"https:\/\/bwv-lennep.de\/index.php\/wp-json\/wp\/v2\/comments?post=324"}],"version-history":[{"count":5,"href":"https:\/\/bwv-lennep.de\/index.php\/wp-json\/wp\/v2\/pages\/324\/revisions"}],"predecessor-version":[{"id":783,"href":"https:\/\/bwv-lennep.de\/index.php\/wp-json\/wp\/v2\/pages\/324\/revisions\/783"}],"up":[{"embeddable":true,"href":"https:\/\/bwv-lennep.de\/index.php\/wp-json\/wp\/v2\/pages\/86"}],"wp:attachment":[{"href":"https:\/\/bwv-lennep.de\/index.php\/wp-json\/wp\/v2\/media?parent=324"}],"curies":[{"name":"wp","href":"https:\/\/api.w.org\/{rel}","templated":true}]}}