{"id":322,"date":"2025-09-22T17:12:41","date_gmt":"2025-09-22T16:12:41","guid":{"rendered":"https:\/\/bwv-lennep.de\/_index.php\/?page_id=322"},"modified":"2025-10-08T20:59:02","modified_gmt":"2025-10-08T19:59:02","slug":"ringstrasse","status":"publish","type":"page","link":"https:\/\/bwv-lennep.de\/index.php\/ringstrasse\/","title":{"rendered":"Ringstra\u00dfe"},"content":{"rendered":"\n<h4 class=\"wp-block-heading\">Ringstra\u00dfe 100<\/h4>\n\n\n\n<h6 class=\"wp-block-heading\">Erbaut 1927, 2 Wohneinheiten<\/h6>\n\n\n\n<figure class=\"wp-block-image size-large\"><img loading=\"lazy\" decoding=\"async\" width=\"1024\" height=\"683\" src=\"https:\/\/bwv-lennep.de\/wp-content\/uploads\/2024\/04\/colibri-image-28-1024x683.png\" alt=\"\" class=\"wp-image-56\" srcset=\"https:\/\/bwv-lennep.de\/wp-content\/uploads\/2024\/04\/colibri-image-28-1024x683.png 1024w, https:\/\/bwv-lennep.de\/wp-content\/uploads\/2024\/04\/colibri-image-28-300x200.png 300w, https:\/\/bwv-lennep.de\/wp-content\/uploads\/2024\/04\/colibri-image-28-768x512.png 768w, https:\/\/bwv-lennep.de\/wp-content\/uploads\/2024\/04\/colibri-image-28-1536x1024.png 1536w, https:\/\/bwv-lennep.de\/wp-content\/uploads\/2024\/04\/colibri-image-28.png 1920w\" sizes=\"auto, (max-width: 1024px) 100vw, 1024px\" \/><figcaption class=\"wp-element-caption\"><em>Platzhalter Foto<\/em><\/figcaption><\/figure>\n\n\n\n<p><\/p>\n\n\n\n<h4 class=\"wp-block-heading\">Ringstra\u00dfe 102<\/h4>\n\n\n\n<h6 class=\"wp-block-heading\">Erbaut 1927, 3 Wohneinheiten<\/h6>\n\n\n\n<figure class=\"wp-block-image\"><img decoding=\"async\" src=\"https:\/\/bwv-lennep.de\/wp-content\/uploads\/2024\/04\/colibri-image-28-1024x683.png\" alt=\"Dieses Bild hat ein leeres Alt-Attribut. Der Dateiname ist colibri-image-28-1024x683.png\"\/><figcaption class=\"wp-element-caption\"><em>Platzhalter Foto<\/em><\/figcaption><\/figure>\n\n\n\n<p><\/p>\n\n\n\n<h4 class=\"wp-block-heading\">Ringstra\u00dfe 104<\/h4>\n\n\n\n<h6 class=\"wp-block-heading\">Erbaut 1927, 2 Wohneinheiten<\/h6>\n\n\n\n<figure class=\"wp-block-image size-large\"><img loading=\"lazy\" decoding=\"async\" width=\"1024\" height=\"683\" src=\"https:\/\/bwv-lennep.de\/wp-content\/uploads\/2024\/04\/colibri-image-28-1024x683.png\" alt=\"\" class=\"wp-image-56\" srcset=\"https:\/\/bwv-lennep.de\/wp-content\/uploads\/2024\/04\/colibri-image-28-1024x683.png 1024w, https:\/\/bwv-lennep.de\/wp-content\/uploads\/2024\/04\/colibri-image-28-300x200.png 300w, https:\/\/bwv-lennep.de\/wp-content\/uploads\/2024\/04\/colibri-image-28-768x512.png 768w, https:\/\/bwv-lennep.de\/wp-content\/uploads\/2024\/04\/colibri-image-28-1536x1024.png 1536w, https:\/\/bwv-lennep.de\/wp-content\/uploads\/2024\/04\/colibri-image-28.png 1920w\" sizes=\"auto, (max-width: 1024px) 100vw, 1024px\" \/><figcaption class=\"wp-element-caption\"><em>Platzhalter Foto<\/em><\/figcaption><\/figure>\n\n\n\n<p><\/p>\n\n\n\n<h4 class=\"wp-block-heading\">Ringstra\u00dfe 106<\/h4>\n\n\n\n<h6 class=\"wp-block-heading\">Erbaut, 1927, 3 Wohneinheiten<\/h6>\n\n\n\n<figure class=\"wp-block-image size-large\"><img loading=\"lazy\" decoding=\"async\" width=\"1024\" height=\"683\" src=\"https:\/\/bwv-lennep.de\/wp-content\/uploads\/2024\/04\/colibri-image-28-1024x683.png\" alt=\"\" class=\"wp-image-56\" srcset=\"https:\/\/bwv-lennep.de\/wp-content\/uploads\/2024\/04\/colibri-image-28-1024x683.png 1024w, https:\/\/bwv-lennep.de\/wp-content\/uploads\/2024\/04\/colibri-image-28-300x200.png 300w, https:\/\/bwv-lennep.de\/wp-content\/uploads\/2024\/04\/colibri-image-28-768x512.png 768w, https:\/\/bwv-lennep.de\/wp-content\/uploads\/2024\/04\/colibri-image-28-1536x1024.png 1536w, https:\/\/bwv-lennep.de\/wp-content\/uploads\/2024\/04\/colibri-image-28.png 1920w\" sizes=\"auto, (max-width: 1024px) 100vw, 1024px\" \/><figcaption class=\"wp-element-caption\"><em>Platzhalter Foto<\/em><\/figcaption><\/figure>\n\n\n\n<p><\/p>\n\n\n\n<h4 class=\"wp-block-heading\">Rinstra\u00dfe 108<\/h4>\n\n\n\n<h6 class=\"wp-block-heading\">Erbaut 1927, 3 Wohneinheiten<\/h6>\n\n\n\n<figure class=\"wp-block-image size-large\"><img loading=\"lazy\" decoding=\"async\" width=\"1024\" height=\"683\" src=\"https:\/\/bwv-lennep.de\/wp-content\/uploads\/2024\/04\/colibri-image-28-1024x683.png\" alt=\"\" class=\"wp-image-56\" srcset=\"https:\/\/bwv-lennep.de\/wp-content\/uploads\/2024\/04\/colibri-image-28-1024x683.png 1024w, https:\/\/bwv-lennep.de\/wp-content\/uploads\/2024\/04\/colibri-image-28-300x200.png 300w, https:\/\/bwv-lennep.de\/wp-content\/uploads\/2024\/04\/colibri-image-28-768x512.png 768w, https:\/\/bwv-lennep.de\/wp-content\/uploads\/2024\/04\/colibri-image-28-1536x1024.png 1536w, https:\/\/bwv-lennep.de\/wp-content\/uploads\/2024\/04\/colibri-image-28.png 1920w\" sizes=\"auto, (max-width: 1024px) 100vw, 1024px\" \/><figcaption class=\"wp-element-caption\"><em>Platzhalter Foto<\/em><\/figcaption><\/figure>\n\n\n\n<p><\/p>\n\n\n\n<h4 class=\"wp-block-heading\">Ringstra\u00dfe 110<\/h4>\n\n\n\n<h6 class=\"wp-block-heading\">Erbaut 1927, 3 Wohneinheiten<\/h6>\n\n\n\n<figure class=\"wp-block-image size-large\"><img loading=\"lazy\" decoding=\"async\" width=\"1024\" height=\"683\" src=\"https:\/\/bwv-lennep.de\/wp-content\/uploads\/2024\/04\/colibri-image-28-1024x683.png\" alt=\"\" class=\"wp-image-56\" srcset=\"https:\/\/bwv-lennep.de\/wp-content\/uploads\/2024\/04\/colibri-image-28-1024x683.png 1024w, https:\/\/bwv-lennep.de\/wp-content\/uploads\/2024\/04\/colibri-image-28-300x200.png 300w, https:\/\/bwv-lennep.de\/wp-content\/uploads\/2024\/04\/colibri-image-28-768x512.png 768w, https:\/\/bwv-lennep.de\/wp-content\/uploads\/2024\/04\/colibri-image-28-1536x1024.png 1536w, https:\/\/bwv-lennep.de\/wp-content\/uploads\/2024\/04\/colibri-image-28.png 1920w\" sizes=\"auto, (max-width: 1024px) 100vw, 1024px\" \/><figcaption class=\"wp-element-caption\"><em>Platzhalter Foto<\/em><\/figcaption><\/figure>\n\n\n\n<p><\/p>\n\n\n\n<h4 class=\"wp-block-heading\">Ringstra\u00dfe 112<\/h4>\n\n\n\n<h6 class=\"wp-block-heading\">Erbaut 1927, 3 Wohneinheiten<\/h6>\n\n\n\n<figure class=\"wp-block-image size-large\"><img loading=\"lazy\" decoding=\"async\" width=\"1024\" height=\"683\" src=\"https:\/\/bwv-lennep.de\/wp-content\/uploads\/2024\/04\/colibri-image-28-1024x683.png\" alt=\"\" class=\"wp-image-56\" srcset=\"https:\/\/bwv-lennep.de\/wp-content\/uploads\/2024\/04\/colibri-image-28-1024x683.png 1024w, https:\/\/bwv-lennep.de\/wp-content\/uploads\/2024\/04\/colibri-image-28-300x200.png 300w, https:\/\/bwv-lennep.de\/wp-content\/uploads\/2024\/04\/colibri-image-28-768x512.png 768w, https:\/\/bwv-lennep.de\/wp-content\/uploads\/2024\/04\/colibri-image-28-1536x1024.png 1536w, https:\/\/bwv-lennep.de\/wp-content\/uploads\/2024\/04\/colibri-image-28.png 1920w\" sizes=\"auto, (max-width: 1024px) 100vw, 1024px\" \/><figcaption class=\"wp-element-caption\"><em>Platzhalter Foto<\/em><\/figcaption><\/figure>\n","protected":false},"excerpt":{"rendered":"<p>Ringstra\u00dfe 100 Erbaut 1927, 2 Wohneinheiten Ringstra\u00dfe 102 Erbaut 1927, 3 Wohneinheiten Ringstra\u00dfe 104 Erbaut 1927, 2 Wohneinheiten Ringstra\u00dfe 106 Erbaut, 1927, 3 Wohneinheiten Rinstra\u00dfe 108 Erbaut 1927, 3 Wohneinheiten Ringstra\u00dfe 110 Erbaut 1927, 3 Wohneinheiten Ringstra\u00dfe 112 Erbaut 1927, 3 Wohneinheiten<\/p>\n","protected":false},"author":3,"featured_media":0,"parent":0,"menu_order":0,"comment_status":"closed","ping_status":"closed","template":"","meta":{"footnotes":""},"class_list":["post-322","page","type-page","status-publish","hentry"],"_links":{"self":[{"href":"https:\/\/bwv-lennep.de\/index.php\/wp-json\/wp\/v2\/pages\/322","targetHints":{"allow":["GET"]}}],"collection":[{"href":"https:\/\/bwv-lennep.de\/index.php\/wp-json\/wp\/v2\/pages"}],"about":[{"href":"https:\/\/bwv-lennep.de\/index.php\/wp-json\/wp\/v2\/types\/page"}],"author":[{"embeddable":true,"href":"https:\/\/bwv-lennep.de\/index.php\/wp-json\/wp\/v2\/users\/3"}],"replies":[{"embeddable":true,"href":"https:\/\/bwv-lennep.de\/index.php\/wp-json\/wp\/v2\/comments?post=322"}],"version-history":[{"count":7,"href":"https:\/\/bwv-lennep.de\/index.php\/wp-json\/wp\/v2\/pages\/322\/revisions"}],"predecessor-version":[{"id":787,"href":"https:\/\/bwv-lennep.de\/index.php\/wp-json\/wp\/v2\/pages\/322\/revisions\/787"}],"wp:attachment":[{"href":"https:\/\/bwv-lennep.de\/index.php\/wp-json\/wp\/v2\/media?parent=322"}],"curies":[{"name":"wp","href":"https:\/\/api.w.org\/{rel}","templated":true}]}}