{"id":316,"date":"2025-09-22T17:12:48","date_gmt":"2025-09-22T16:12:48","guid":{"rendered":"https:\/\/bwv-lennep.de\/_index.php\/?page_id=316"},"modified":"2025-10-08T20:56:59","modified_gmt":"2025-10-08T19:56:59","slug":"teichstrasse","status":"publish","type":"page","link":"https:\/\/bwv-lennep.de\/index.php\/teichstrasse\/","title":{"rendered":"Teichstra\u00dfe"},"content":{"rendered":"\n<h4 class=\"wp-block-heading\">Teichstra\u00dfe 2<\/h4>\n\n\n\n<h6 class=\"wp-block-heading\">Erbaut 1914, 3 Wohneinheiten<\/h6>\n\n\n\n<figure class=\"wp-block-image size-large\"><img loading=\"lazy\" decoding=\"async\" width=\"1024\" height=\"683\" src=\"https:\/\/bwv-lennep.de\/wp-content\/uploads\/2024\/04\/colibri-image-28-1024x683.png\" alt=\"\" class=\"wp-image-56\" srcset=\"https:\/\/bwv-lennep.de\/wp-content\/uploads\/2024\/04\/colibri-image-28-1024x683.png 1024w, https:\/\/bwv-lennep.de\/wp-content\/uploads\/2024\/04\/colibri-image-28-300x200.png 300w, https:\/\/bwv-lennep.de\/wp-content\/uploads\/2024\/04\/colibri-image-28-768x512.png 768w, https:\/\/bwv-lennep.de\/wp-content\/uploads\/2024\/04\/colibri-image-28-1536x1024.png 1536w, https:\/\/bwv-lennep.de\/wp-content\/uploads\/2024\/04\/colibri-image-28.png 1920w\" sizes=\"auto, (max-width: 1024px) 100vw, 1024px\" \/><figcaption class=\"wp-element-caption\"><em>Platzhalter Foto<\/em><\/figcaption><\/figure>\n\n\n\n<p><\/p>\n\n\n\n<h4 class=\"wp-block-heading\">Teichstra\u00dfe 4<\/h4>\n\n\n\n<h6 class=\"wp-block-heading\">Erbaut 1911, 6 Wohneinheiten<\/h6>\n\n\n\n<figure class=\"wp-block-image size-large\"><img loading=\"lazy\" decoding=\"async\" width=\"1024\" height=\"683\" src=\"https:\/\/bwv-lennep.de\/wp-content\/uploads\/2024\/04\/colibri-image-28-1024x683.png\" alt=\"\" class=\"wp-image-56\" srcset=\"https:\/\/bwv-lennep.de\/wp-content\/uploads\/2024\/04\/colibri-image-28-1024x683.png 1024w, https:\/\/bwv-lennep.de\/wp-content\/uploads\/2024\/04\/colibri-image-28-300x200.png 300w, https:\/\/bwv-lennep.de\/wp-content\/uploads\/2024\/04\/colibri-image-28-768x512.png 768w, https:\/\/bwv-lennep.de\/wp-content\/uploads\/2024\/04\/colibri-image-28-1536x1024.png 1536w, https:\/\/bwv-lennep.de\/wp-content\/uploads\/2024\/04\/colibri-image-28.png 1920w\" sizes=\"auto, (max-width: 1024px) 100vw, 1024px\" \/><figcaption class=\"wp-element-caption\"><em>Platzhalter Foto<\/em><\/figcaption><\/figure>\n\n\n\n<p><\/p>\n\n\n\n<h4 class=\"wp-block-heading\">Teichstra\u00dfe 6<\/h4>\n\n\n\n<h6 class=\"wp-block-heading\">Erbaut 1911, 6 Wohneinheiten<\/h6>\n\n\n\n<figure class=\"wp-block-image size-large\"><img loading=\"lazy\" decoding=\"async\" width=\"1024\" height=\"683\" src=\"https:\/\/bwv-lennep.de\/wp-content\/uploads\/2024\/04\/colibri-image-28-1024x683.png\" alt=\"\" class=\"wp-image-56\" srcset=\"https:\/\/bwv-lennep.de\/wp-content\/uploads\/2024\/04\/colibri-image-28-1024x683.png 1024w, https:\/\/bwv-lennep.de\/wp-content\/uploads\/2024\/04\/colibri-image-28-300x200.png 300w, https:\/\/bwv-lennep.de\/wp-content\/uploads\/2024\/04\/colibri-image-28-768x512.png 768w, https:\/\/bwv-lennep.de\/wp-content\/uploads\/2024\/04\/colibri-image-28-1536x1024.png 1536w, https:\/\/bwv-lennep.de\/wp-content\/uploads\/2024\/04\/colibri-image-28.png 1920w\" sizes=\"auto, (max-width: 1024px) 100vw, 1024px\" \/><figcaption class=\"wp-element-caption\"><em>Platzhalter Foto<\/em><\/figcaption><\/figure>\n\n\n\n<p><\/p>\n\n\n\n<h4 class=\"wp-block-heading\">Teichstra\u00dfe 8<\/h4>\n\n\n\n<h6 class=\"wp-block-heading\">Erbaut 1911, 3 Wohneinheiten<\/h6>\n\n\n\n<figure class=\"wp-block-image size-large\"><img loading=\"lazy\" decoding=\"async\" width=\"1024\" height=\"683\" src=\"https:\/\/bwv-lennep.de\/wp-content\/uploads\/2024\/04\/colibri-image-28-1024x683.png\" alt=\"\" class=\"wp-image-56\" srcset=\"https:\/\/bwv-lennep.de\/wp-content\/uploads\/2024\/04\/colibri-image-28-1024x683.png 1024w, https:\/\/bwv-lennep.de\/wp-content\/uploads\/2024\/04\/colibri-image-28-300x200.png 300w, https:\/\/bwv-lennep.de\/wp-content\/uploads\/2024\/04\/colibri-image-28-768x512.png 768w, https:\/\/bwv-lennep.de\/wp-content\/uploads\/2024\/04\/colibri-image-28-1536x1024.png 1536w, https:\/\/bwv-lennep.de\/wp-content\/uploads\/2024\/04\/colibri-image-28.png 1920w\" sizes=\"auto, (max-width: 1024px) 100vw, 1024px\" \/><figcaption class=\"wp-element-caption\"><em>Platzhalter Foto<\/em><\/figcaption><\/figure>\n\n\n\n<p><\/p>\n\n\n\n<h4 class=\"wp-block-heading\">Teichstra\u00dfe 210<\/h4>\n\n\n\n<h6 class=\"wp-block-heading\">Erbaut 1914, 6 Wohneinheiten<\/h6>\n\n\n\n<figure class=\"wp-block-image size-large\"><img loading=\"lazy\" decoding=\"async\" width=\"1024\" height=\"683\" src=\"https:\/\/bwv-lennep.de\/wp-content\/uploads\/2024\/04\/colibri-image-28-1024x683.png\" alt=\"\" class=\"wp-image-56\" srcset=\"https:\/\/bwv-lennep.de\/wp-content\/uploads\/2024\/04\/colibri-image-28-1024x683.png 1024w, https:\/\/bwv-lennep.de\/wp-content\/uploads\/2024\/04\/colibri-image-28-300x200.png 300w, https:\/\/bwv-lennep.de\/wp-content\/uploads\/2024\/04\/colibri-image-28-768x512.png 768w, https:\/\/bwv-lennep.de\/wp-content\/uploads\/2024\/04\/colibri-image-28-1536x1024.png 1536w, https:\/\/bwv-lennep.de\/wp-content\/uploads\/2024\/04\/colibri-image-28.png 1920w\" sizes=\"auto, (max-width: 1024px) 100vw, 1024px\" \/><figcaption class=\"wp-element-caption\"><em>Platzhalter Foto<\/em><\/figcaption><\/figure>\n\n\n\n<p><\/p>\n\n\n\n<h4 class=\"wp-block-heading\">Teichstra\u00dfe 12<\/h4>\n\n\n\n<h6 class=\"wp-block-heading\">Erbaut 1914, 3 Wohneinheiten<\/h6>\n\n\n\n<figure class=\"wp-block-image size-large\"><img loading=\"lazy\" decoding=\"async\" width=\"1024\" height=\"683\" src=\"https:\/\/bwv-lennep.de\/wp-content\/uploads\/2024\/04\/colibri-image-28-1024x683.png\" alt=\"\" class=\"wp-image-56\" srcset=\"https:\/\/bwv-lennep.de\/wp-content\/uploads\/2024\/04\/colibri-image-28-1024x683.png 1024w, https:\/\/bwv-lennep.de\/wp-content\/uploads\/2024\/04\/colibri-image-28-300x200.png 300w, https:\/\/bwv-lennep.de\/wp-content\/uploads\/2024\/04\/colibri-image-28-768x512.png 768w, https:\/\/bwv-lennep.de\/wp-content\/uploads\/2024\/04\/colibri-image-28-1536x1024.png 1536w, https:\/\/bwv-lennep.de\/wp-content\/uploads\/2024\/04\/colibri-image-28.png 1920w\" sizes=\"auto, (max-width: 1024px) 100vw, 1024px\" \/><figcaption class=\"wp-element-caption\"><em>Platzhalter Foto<\/em><\/figcaption><\/figure>\n\n\n\n<p><\/p>\n\n\n\n<h4 class=\"wp-block-heading\">Teichstra\u00dfe 14<\/h4>\n\n\n\n<h6 class=\"wp-block-heading\">Erbaut 1914, 3 Wohneinheiten<\/h6>\n\n\n\n<figure class=\"wp-block-image size-large\"><img loading=\"lazy\" decoding=\"async\" width=\"1024\" height=\"683\" src=\"https:\/\/bwv-lennep.de\/wp-content\/uploads\/2024\/04\/colibri-image-28-1024x683.png\" alt=\"\" class=\"wp-image-56\" srcset=\"https:\/\/bwv-lennep.de\/wp-content\/uploads\/2024\/04\/colibri-image-28-1024x683.png 1024w, https:\/\/bwv-lennep.de\/wp-content\/uploads\/2024\/04\/colibri-image-28-300x200.png 300w, https:\/\/bwv-lennep.de\/wp-content\/uploads\/2024\/04\/colibri-image-28-768x512.png 768w, https:\/\/bwv-lennep.de\/wp-content\/uploads\/2024\/04\/colibri-image-28-1536x1024.png 1536w, https:\/\/bwv-lennep.de\/wp-content\/uploads\/2024\/04\/colibri-image-28.png 1920w\" sizes=\"auto, (max-width: 1024px) 100vw, 1024px\" \/><figcaption class=\"wp-element-caption\"><em>Platzhalter Foto<\/em><\/figcaption><\/figure>\n","protected":false},"excerpt":{"rendered":"<p>Teichstra\u00dfe 2 Erbaut 1914, 3 Wohneinheiten Teichstra\u00dfe 4 Erbaut 1911, 6 Wohneinheiten Teichstra\u00dfe 6 Erbaut 1911, 6 Wohneinheiten Teichstra\u00dfe 8 Erbaut 1911, 3 Wohneinheiten Teichstra\u00dfe 210 Erbaut 1914, 6 Wohneinheiten Teichstra\u00dfe 12 Erbaut 1914, 3 Wohneinheiten Teichstra\u00dfe 14 Erbaut 1914, 3 Wohneinheiten<\/p>\n","protected":false},"author":3,"featured_media":0,"parent":0,"menu_order":0,"comment_status":"closed","ping_status":"closed","template":"","meta":{"footnotes":""},"class_list":["post-316","page","type-page","status-publish","hentry"],"_links":{"self":[{"href":"https:\/\/bwv-lennep.de\/index.php\/wp-json\/wp\/v2\/pages\/316","targetHints":{"allow":["GET"]}}],"collection":[{"href":"https:\/\/bwv-lennep.de\/index.php\/wp-json\/wp\/v2\/pages"}],"about":[{"href":"https:\/\/bwv-lennep.de\/index.php\/wp-json\/wp\/v2\/types\/page"}],"author":[{"embeddable":true,"href":"https:\/\/bwv-lennep.de\/index.php\/wp-json\/wp\/v2\/users\/3"}],"replies":[{"embeddable":true,"href":"https:\/\/bwv-lennep.de\/index.php\/wp-json\/wp\/v2\/comments?post=316"}],"version-history":[{"count":4,"href":"https:\/\/bwv-lennep.de\/index.php\/wp-json\/wp\/v2\/pages\/316\/revisions"}],"predecessor-version":[{"id":785,"href":"https:\/\/bwv-lennep.de\/index.php\/wp-json\/wp\/v2\/pages\/316\/revisions\/785"}],"wp:attachment":[{"href":"https:\/\/bwv-lennep.de\/index.php\/wp-json\/wp\/v2\/media?parent=316"}],"curies":[{"name":"wp","href":"https:\/\/api.w.org\/{rel}","templated":true}]}}