{"id":314,"date":"2025-09-22T17:13:54","date_gmt":"2025-09-22T16:13:54","guid":{"rendered":"https:\/\/bwv-lennep.de\/_index.php\/?page_id=314"},"modified":"2025-10-08T21:04:08","modified_gmt":"2025-10-08T20:04:08","slug":"roentgenstrasse","status":"publish","type":"page","link":"https:\/\/bwv-lennep.de\/index.php\/roentgenstrasse\/","title":{"rendered":"R\u00f6ntgenstra\u00dfe"},"content":{"rendered":"\n<p><em>Der Name &#8222;R\u00f6ntgenstra\u00dfe&#8220; in Remscheid stammt von dem ber\u00fchmten Physiker Wilhelm Conrad R\u00f6ntgen (1845\u20131923), der in der bergischen Stadt geboren wurde und die nach ihm benannten R\u00f6ntgenstrahlen entdeckte. Wilhelm Conrad R\u00f6ntgen ist Ehrenb\u00fcrger der damaligen Stadt Lennep. Er nahm die Auszeichnung mit gro\u00dfer Freude an und teilte dies dem damaligen B\u00fcrgermeister Sauerbronn am 20. April 1896 mit. Wilhelm Conrad R\u00f6ntgen erhielt den Nobelpreis im Jahr 1901 f\u00fcr seine Entdeckung der R\u00f6ntgenstrahlen. Er war der erste Preistr\u00e4ger des Nobelpreises f\u00fcr Physik.<\/em><\/p>\n\n\n\n<h4 class=\"wp-block-heading\">R\u00f6ntgenstra\u00dfe 3<\/h4>\n\n\n\n<h6 class=\"wp-block-heading\">Erbaut 1920, 2 Wohneinheiten<\/h6>\n\n\n\n<figure class=\"wp-block-image size-large\"><img loading=\"lazy\" decoding=\"async\" width=\"1024\" height=\"683\" src=\"https:\/\/bwv-lennep.de\/wp-content\/uploads\/2024\/04\/colibri-image-28-1024x683.png\" alt=\"\" class=\"wp-image-56\" srcset=\"https:\/\/bwv-lennep.de\/wp-content\/uploads\/2024\/04\/colibri-image-28-1024x683.png 1024w, https:\/\/bwv-lennep.de\/wp-content\/uploads\/2024\/04\/colibri-image-28-300x200.png 300w, https:\/\/bwv-lennep.de\/wp-content\/uploads\/2024\/04\/colibri-image-28-768x512.png 768w, https:\/\/bwv-lennep.de\/wp-content\/uploads\/2024\/04\/colibri-image-28-1536x1024.png 1536w, https:\/\/bwv-lennep.de\/wp-content\/uploads\/2024\/04\/colibri-image-28.png 1920w\" sizes=\"auto, (max-width: 1024px) 100vw, 1024px\" \/><figcaption class=\"wp-element-caption\"><em>Platzhalter Foto<\/em><\/figcaption><\/figure>\n\n\n\n<p><\/p>\n\n\n\n<h4 class=\"wp-block-heading\">R\u00f6ntgenstra\u00dfe 5<\/h4>\n\n\n\n<h6 class=\"wp-block-heading\">Erbaut 1920, 4 Wohneinheiten<\/h6>\n\n\n\n<figure class=\"wp-block-image size-large\"><img loading=\"lazy\" decoding=\"async\" width=\"1024\" height=\"683\" src=\"https:\/\/bwv-lennep.de\/wp-content\/uploads\/2024\/04\/colibri-image-28-1024x683.png\" alt=\"\" class=\"wp-image-56\" srcset=\"https:\/\/bwv-lennep.de\/wp-content\/uploads\/2024\/04\/colibri-image-28-1024x683.png 1024w, https:\/\/bwv-lennep.de\/wp-content\/uploads\/2024\/04\/colibri-image-28-300x200.png 300w, https:\/\/bwv-lennep.de\/wp-content\/uploads\/2024\/04\/colibri-image-28-768x512.png 768w, https:\/\/bwv-lennep.de\/wp-content\/uploads\/2024\/04\/colibri-image-28-1536x1024.png 1536w, https:\/\/bwv-lennep.de\/wp-content\/uploads\/2024\/04\/colibri-image-28.png 1920w\" sizes=\"auto, (max-width: 1024px) 100vw, 1024px\" \/><figcaption class=\"wp-element-caption\"><em>Platzhalter Foto<\/em><\/figcaption><\/figure>\n\n\n\n<p><\/p>\n\n\n\n<h4 class=\"wp-block-heading\">R\u00f6ntgenstra\u00dfe 6<\/h4>\n\n\n\n<h6 class=\"wp-block-heading\">Erbaut 1957, 5 Wohneinheiten<\/h6>\n\n\n\n<figure class=\"wp-block-image size-large\"><img loading=\"lazy\" decoding=\"async\" width=\"1024\" height=\"683\" src=\"https:\/\/bwv-lennep.de\/wp-content\/uploads\/2024\/04\/colibri-image-28-1024x683.png\" alt=\"\" class=\"wp-image-56\" srcset=\"https:\/\/bwv-lennep.de\/wp-content\/uploads\/2024\/04\/colibri-image-28-1024x683.png 1024w, https:\/\/bwv-lennep.de\/wp-content\/uploads\/2024\/04\/colibri-image-28-300x200.png 300w, https:\/\/bwv-lennep.de\/wp-content\/uploads\/2024\/04\/colibri-image-28-768x512.png 768w, https:\/\/bwv-lennep.de\/wp-content\/uploads\/2024\/04\/colibri-image-28-1536x1024.png 1536w, https:\/\/bwv-lennep.de\/wp-content\/uploads\/2024\/04\/colibri-image-28.png 1920w\" sizes=\"auto, (max-width: 1024px) 100vw, 1024px\" \/><figcaption class=\"wp-element-caption\"><em>Platzhalter Foto<\/em><\/figcaption><\/figure>\n\n\n\n<p><\/p>\n\n\n\n<h4 class=\"wp-block-heading\">R\u00f6ntgenstra\u00dfe 7<\/h4>\n\n\n\n<h6 class=\"wp-block-heading\">Erbaut 2015, 11 Wohneinheiten<\/h6>\n\n\n\n<figure class=\"wp-block-image size-large\"><img loading=\"lazy\" decoding=\"async\" width=\"1024\" height=\"768\" src=\"https:\/\/bwv-lennep.de\/wp-content\/uploads\/2025\/09\/IMG_1328-1024x768.jpeg\" alt=\"\" class=\"wp-image-614\" srcset=\"https:\/\/bwv-lennep.de\/wp-content\/uploads\/2025\/09\/IMG_1328-1024x768.jpeg 1024w, https:\/\/bwv-lennep.de\/wp-content\/uploads\/2025\/09\/IMG_1328-300x225.jpeg 300w, https:\/\/bwv-lennep.de\/wp-content\/uploads\/2025\/09\/IMG_1328-768x576.jpeg 768w, https:\/\/bwv-lennep.de\/wp-content\/uploads\/2025\/09\/IMG_1328-1536x1152.jpeg 1536w, https:\/\/bwv-lennep.de\/wp-content\/uploads\/2025\/09\/IMG_1328.jpeg 2048w\" sizes=\"auto, (max-width: 1024px) 100vw, 1024px\" \/><\/figure>\n\n\n\n<p><\/p>\n\n\n\n<h4 class=\"wp-block-heading\">R\u00f6ntgenstra\u00dfe 11<\/h4>\n\n\n\n<h6 class=\"wp-block-heading\">Erbaut 1920, 3 Wohneinheiten<\/h6>\n\n\n\n<figure class=\"wp-block-image size-large\"><img loading=\"lazy\" decoding=\"async\" width=\"1024\" height=\"683\" src=\"https:\/\/bwv-lennep.de\/wp-content\/uploads\/2024\/04\/colibri-image-28-1024x683.png\" alt=\"\" class=\"wp-image-56\" srcset=\"https:\/\/bwv-lennep.de\/wp-content\/uploads\/2024\/04\/colibri-image-28-1024x683.png 1024w, https:\/\/bwv-lennep.de\/wp-content\/uploads\/2024\/04\/colibri-image-28-300x200.png 300w, https:\/\/bwv-lennep.de\/wp-content\/uploads\/2024\/04\/colibri-image-28-768x512.png 768w, https:\/\/bwv-lennep.de\/wp-content\/uploads\/2024\/04\/colibri-image-28-1536x1024.png 1536w, https:\/\/bwv-lennep.de\/wp-content\/uploads\/2024\/04\/colibri-image-28.png 1920w\" sizes=\"auto, (max-width: 1024px) 100vw, 1024px\" \/><figcaption class=\"wp-element-caption\"><em>Platzhalter Foto<\/em><\/figcaption><\/figure>\n\n\n\n<p><\/p>\n\n\n\n<h4 class=\"wp-block-heading\">R\u00f6ntgenstra\u00dfe 11a<\/h4>\n\n\n\n<h6 class=\"wp-block-heading\">Erbaut 1920, Gesch\u00e4ftsstelle Beamten-Wohnungsbauverein<\/h6>\n\n\n\n<figure class=\"wp-block-image\"><img decoding=\"async\" src=\"https:\/\/bwv-lennep.de\/wp-content\/uploads\/2024\/04\/colibri-image-28-1024x683.png\" alt=\"Dieses Bild hat ein leeres Alt-Attribut. Der Dateiname ist colibri-image-28-1024x683.png\"\/><figcaption class=\"wp-element-caption\"><em>Platzhalter Foto<\/em><\/figcaption><\/figure>\n","protected":false},"excerpt":{"rendered":"<p>Der Name &#8222;R\u00f6ntgenstra\u00dfe&#8220; in Remscheid stammt von dem ber\u00fchmten Physiker Wilhelm Conrad R\u00f6ntgen (1845\u20131923), der in der bergischen Stadt geboren wurde und die nach ihm benannten R\u00f6ntgenstrahlen entdeckte. Wilhelm Conrad R\u00f6ntgen ist Ehrenb\u00fcrger der damaligen Stadt Lennep. Er nahm die Auszeichnung mit gro\u00dfer Freude an und teilte dies dem damaligen B\u00fcrgermeister Sauerbronn am 20. April [&hellip;]<\/p>\n","protected":false},"author":3,"featured_media":0,"parent":0,"menu_order":0,"comment_status":"closed","ping_status":"closed","template":"","meta":{"footnotes":""},"class_list":["post-314","page","type-page","status-publish","hentry"],"_links":{"self":[{"href":"https:\/\/bwv-lennep.de\/index.php\/wp-json\/wp\/v2\/pages\/314","targetHints":{"allow":["GET"]}}],"collection":[{"href":"https:\/\/bwv-lennep.de\/index.php\/wp-json\/wp\/v2\/pages"}],"about":[{"href":"https:\/\/bwv-lennep.de\/index.php\/wp-json\/wp\/v2\/types\/page"}],"author":[{"embeddable":true,"href":"https:\/\/bwv-lennep.de\/index.php\/wp-json\/wp\/v2\/users\/3"}],"replies":[{"embeddable":true,"href":"https:\/\/bwv-lennep.de\/index.php\/wp-json\/wp\/v2\/comments?post=314"}],"version-history":[{"count":7,"href":"https:\/\/bwv-lennep.de\/index.php\/wp-json\/wp\/v2\/pages\/314\/revisions"}],"predecessor-version":[{"id":791,"href":"https:\/\/bwv-lennep.de\/index.php\/wp-json\/wp\/v2\/pages\/314\/revisions\/791"}],"wp:attachment":[{"href":"https:\/\/bwv-lennep.de\/index.php\/wp-json\/wp\/v2\/media?parent=314"}],"curies":[{"name":"wp","href":"https:\/\/api.w.org\/{rel}","templated":true}]}}