{"id":165,"date":"2024-04-04T20:02:07","date_gmt":"2024-04-04T19:02:07","guid":{"rendered":"https:\/\/bwv-lennep.de\/_index.php\/?page_id=165"},"modified":"2026-04-06T10:03:37","modified_gmt":"2026-04-06T09:03:37","slug":"impressum","status":"publish","type":"page","link":"https:\/\/bwv-lennep.de\/index.php\/impressum\/","title":{"rendered":"Impressum"},"content":{"rendered":"<div class=\"style-640 style-local-165-c1 position-relative\" data-colibri-id=\"165-c1\">\n<div id=\"custom\" class=\"h-section h-section-global-spacing d-flex align-items-lg-center align-items-md-center align-items-center style-641 style-local-165-c2 position-relative\" data-colibri-component=\"section\" data-colibri-id=\"165-c2\">\n<div class=\"h-section-grid-container h-section-boxed-container\">\n<div class=\"h-row-container gutters-row-lg-2 gutters-row-md-2 gutters-row-0 gutters-row-v-lg-2 gutters-row-v-md-2 gutters-row-v-2 style-642 style-local-165-c3 position-relative\" data-colibri-id=\"165-c3\">\n<div class=\"h-row justify-content-lg-center justify-content-md-center justify-content-center align-items-lg-stretch align-items-md-stretch align-items-stretch gutters-col-lg-2 gutters-col-md-2 gutters-col-0 gutters-col-v-lg-2 gutters-col-v-md-2 gutters-col-v-2\">\n<div class=\"h-column h-column-container d-flex h-col-lg-auto h-col-md-auto h-col-auto style-643-outer style-local-165-c4-outer\">\n<div class=\"d-flex h-flex-basis h-column__inner h-px-lg-2 h-px-md-2 h-px-2 v-inner-lg-2 v-inner-md-2 v-inner-2 style-643 style-local-165-c4 position-relative\" data-colibri-id=\"165-c4\">\n<div class=\"w-100 h-y-container h-column__content h-column__v-align flex-basis-100 align-self-lg-start align-self-md-start align-self-start\">\n<div class=\"h-global-transition-all h-heading style-645 style-local-165-c5 position-relative h-element\" data-colibri-id=\"165-c5\">\n<div class=\"h-heading__outer style-645 style-local-165-c5\">\n<h4 class=\"\">Der verantwortliche Websitebetreiber lautet:<\/h4>\n<\/div>\n<\/div>\n<div class=\"h-text h-text-component style-649 style-local-165-c6 position-relative h-element\" data-colibri-id=\"165-c6\">\n<div class=\"\">\n\nBeamten-Wohnungsbauverein eG Remscheid Lennep\n\nR\u00f6ntgenstra\u00dfe 11A\n\n42897 Remscheid\n\nTelefon: 02191 &#8211; 963160\n\nE-Mail: info@bwv-lennep.de\n\nRegistergericht: Amtsgericht Wuppertal\n\nRegisternummer: 242\n\nSitz der Genossenschaft: Remscheid-Lennep\n\nVorstand: J\u00f6rg Elbertzhagen, Harald Wuttke &amp; Fred Greuling\n\nVorsitzende des Aufsichtsrates: Klaus Grunwald\n\nPr\u00fcfungsverband:\n\nVdW Rheinland Westfalen, Goltsteinstr. 29, 40211 D\u00fcsseldorf\n\n<\/div>\n<\/div>\n<\/div>\n<\/div>\n<\/div>\n<div class=\"h-column h-column-container d-flex h-col-lg-auto h-col-md-auto h-col-auto style-644-outer style-local-165-c7-outer\">\n<div class=\"d-flex h-flex-basis h-column__inner h-px-lg-2 h-px-md-2 h-px-2 v-inner-lg-2 v-inner-md-2 v-inner-2 style-644 style-local-165-c7 position-relative\" data-colibri-id=\"165-c7\">\n<div class=\"w-100 h-y-container h-column__content h-column__v-align flex-basis-100 align-self-lg-start align-self-md-start align-self-start\">\n<div class=\"h-global-transition-all h-heading style-650 style-local-165-c8 position-relative h-element\" data-colibri-id=\"165-c8\">\n<div class=\"h-heading__outer style-650 style-local-165-c8\">\n<h4 class=\"\">Sprechzeiten:<\/h4>\n<\/div>\n<\/div>\n<div class=\"h-text h-text-component style-651 style-local-165-c9 position-relative h-element\" data-colibri-id=\"165-c9\">\n<div class=\"\">\n\nDienstag 10.00 &#8211; 18.00 Uhr\n\n<\/div>\n<\/div>\n<\/div>\n<\/div>\n<\/div>\n<\/div>\n<\/div>\n<\/div>\n<\/div>\n<\/div>","protected":false},"excerpt":{"rendered":"<p>Der verantwortliche Websitebetreiber lautet: Beamten-Wohnungsbauverein eG Remscheid Lennep R\u00f6ntgenstra\u00dfe 11A 42897 Remscheid Telefon: 02191 &#8211; 963160 E-Mail: info@bwv-lennep.de Registergericht: Amtsgericht Wuppertal Registernummer: 242 Sitz der Genossenschaft: Remscheid-Lennep Vorstand: J\u00f6rg Elbertzhagen, Harald Wuttke &amp; Fred Greuling Vorsitzende des Aufsichtsrates: Klaus Grunwald Pr\u00fcfungsverband: VdW Rheinland Westfalen, Goltsteinstr. 29, 40211 D\u00fcsseldorf Sprechzeiten: Dienstag 10.00 &#8211; 18.00 Uhr<\/p>\n","protected":false},"author":2,"featured_media":0,"parent":0,"menu_order":0,"comment_status":"closed","ping_status":"closed","template":"page-templates\/full-width-page.php","meta":{"footnotes":""},"class_list":["post-165","page","type-page","status-publish","hentry"],"_links":{"self":[{"href":"https:\/\/bwv-lennep.de\/index.php\/wp-json\/wp\/v2\/pages\/165","targetHints":{"allow":["GET"]}}],"collection":[{"href":"https:\/\/bwv-lennep.de\/index.php\/wp-json\/wp\/v2\/pages"}],"about":[{"href":"https:\/\/bwv-lennep.de\/index.php\/wp-json\/wp\/v2\/types\/page"}],"author":[{"embeddable":true,"href":"https:\/\/bwv-lennep.de\/index.php\/wp-json\/wp\/v2\/users\/2"}],"replies":[{"embeddable":true,"href":"https:\/\/bwv-lennep.de\/index.php\/wp-json\/wp\/v2\/comments?post=165"}],"version-history":[{"count":4,"href":"https:\/\/bwv-lennep.de\/index.php\/wp-json\/wp\/v2\/pages\/165\/revisions"}],"predecessor-version":[{"id":1024,"href":"https:\/\/bwv-lennep.de\/index.php\/wp-json\/wp\/v2\/pages\/165\/revisions\/1024"}],"wp:attachment":[{"href":"https:\/\/bwv-lennep.de\/index.php\/wp-json\/wp\/v2\/media?parent=165"}],"curies":[{"name":"wp","href":"https:\/\/api.w.org\/{rel}","templated":true}]}}